{"id":17935,"date":"2025-01-09T17:34:27","date_gmt":"2025-01-09T15:34:27","guid":{"rendered":"https:\/\/forgetwhite.com\/?post_type=product&#038;p=17935"},"modified":"2025-09-30T23:56:15","modified_gmt":"2025-09-30T20:56:15","slug":"pachetul-de-start-combo","status":"publish","type":"product","link":"https:\/\/forgetwhite.com\/ro\/produs\/pachetul-de-start-combo\/","title":{"rendered":"Pachetul de Start Combo"},"content":{"rendered":"<div class=\"wpb-content-wrapper\"><p>[vc_row][vc_column][vc_column_text]<strong><span style=\"font-size: 18px;\">Forget White Fitokeratine<\/span><\/strong> este o formul\u0103 realizat\u0103 \u00een propor\u021bie de 100% din ingrediente de origine natural\u0103, potrivit\u0103 pentru toate tipurile de p\u0103r. Amestecul de uleiuri Forget White, o combina\u021bie echilibrat\u0103 de antioxidan\u021bi \u0219i acizi gra\u0219i nesatura\u021bi, ac\u021bioneaz\u0103 izol\u00e2nd \u0219i protej\u00e2nd r\u0103d\u0103cina firului de p\u0103r, astfel \u00eenc\u00e2t este \u00eempiedicat procesul de oxidare a MELANINEI (pigmentul care d\u0103 culoare firului de p\u0103r).<\/p>\n<p>Oprind procesul de oxidare, melanina poate ac\u021biona din nou iar firul de p\u0103r \u00ee\u0219i recap\u0103t\u0103 culoarea natural\u0103. Ce aduce nou acest produs este introducerea unuia dintre cei mai puternici antioxidan\u021bi cunoscu\u021bi \u00een lumea \u0219tiin\u021bific\u0103 actual\u0103, RESVERATROLUL, care protejeaz\u0103 \u0219i catalizeaz\u0103 producerea reac\u021biilor biochimice din complexul pielii.<\/p>\n<p>Formula Forget White, utilizat\u0103 zilnic, intensific\u0103 circula\u021bia s\u00e2ngelui \u00een zona scalpului \u0219i contribuie la procesul de hidratare profund\u0103 a scapului \u0219i foliculilor de p\u0103r, \u00eembun\u0103t\u0103\u021bind calitatea pielii \u0219i p\u0103rului.<\/p>\n<p>Test\u0103rile au eviden\u021biat ob\u021binerea de rezultate bune indiferent de v\u00e2rst\u0103, genul sau rasa subiectului testat.Produsul este realizat prin tehnologie proprie de Valentino de Salva LTD, care p\u0103streaz\u0103 nealterate propriet\u0103\u021bile ingredientelor naturale. Produsul a fost testat dermatologic. Produsul nu a fost testat pe animale.<\/p>\n<ul>\n<li>Repigmenteaz\u0103 firele de p\u0103r \u2013 scalp, perciuni, spr\u00e2ncene<\/li>\n<li>Hidrateaz\u0103 scalpul \u0219i elimin\u0103 m\u0103trea\u021ba<\/li>\n<li>\u00cent\u0103re\u0219te r\u0103d\u0103cina firului de p\u0103r<\/li>\n<li>\u00cencetine\u0219te c\u0103derea p\u0103rului<\/li>\n<\/ul>\n<p>[\/vc_column_text][\/vc_column][\/vc_row][vc_row][vc_column][vc_empty_space css_params=&#8221;&#8221;][\/vc_column][\/vc_row][vc_row][vc_column][vc_column_text css=&#8221;&#8221; css_params=&#8221;&#8221;]<br \/>\n<strong><span style=\"font-size: 18px;\">Forget White Forte<\/span><\/strong> este o formul\u0103 avansat\u0103 \u0219i revolu\u021bionar\u0103, <strong>realizat\u0103 100% din ingrediente de origine natural\u0103<\/strong>, potrivit\u0103 pentru toate tipurile de p\u0103r. Acest produs inovator ofer\u0103 o combina\u021bie puternic\u0103 de antioxidan\u021bi \u0219i acizi gra\u0219i nesatura\u021bi, proiectat\u0103 pentru a revitaliza \u0219i proteja p\u0103rul t\u0103u. Forget White Forte \u00eempiedic\u0103 procesul de oxidare a melaninei \u2013 pigmentul care confer\u0103 culoarea natural\u0103 p\u0103rului.<\/p>\n<p>Oprind acest proces de oxidare, melanina poate ac\u021biona din nou, <strong>permi\u021b\u00e2nd firului de p\u0103r s\u0103 \u00ee\u0219i recapete culoarea natural\u0103<\/strong>. Resveratrolul, unul dintre cei mai puternici antioxidan\u021bi cunoscu\u021bi, joac\u0103 un rol esen\u021bial \u00een aceast\u0103 formul\u0103, protej\u00e2nd \u0219i cataliz\u00e2nd reac\u021biile biochimice vitale ale pielii. Forget White Forte con\u021bine de asemenea o concentra\u021bie crescut\u0103 de ingrediente cheie precum Mentona, Linalolul \u0219i Eucaliptolul, care \u00eempreun\u0103 asigur\u0103<strong> o hidratare profund\u0103 \u0219i o stimulare eficient\u0103 a circula\u021biei sanguine<\/strong> \u00een zona scalpului.<\/p>\n<p>Prin utilizarea zilnic\u0103 a produsului, vei observa o \u00eembun\u0103t\u0103\u021bire semnificativ\u0103 a s\u0103n\u0103t\u0103\u021bii p\u0103rului \u0219i a scalpului. Formula <strong>Forget White Forte nu doar repigmenteaz\u0103 p\u0103rul, dar \u0219i \u00eent\u0103re\u0219te r\u0103d\u0103cina firului de p\u0103r, elimin\u0103 m\u0103trea\u021ba \u0219i \u00eencetine\u0219te c\u0103derea acestuia<\/strong>. Studiile \u0219i test\u0103rile au demonstrat rezultate excelente pentru utilizatorii de toate v\u00e2rstele, genurile \u0219i rasele.<\/p>\n<p>Acest produs este realizat cu o tehnologie proprie dezvoltat\u0103 de Valentino de Salva LTD, care p\u0103streaz\u0103 nealterate propriet\u0103\u021bile benefice ale ingredientelor naturale.<\/p>\n<p>Forget White Forte este <strong>testat dermatologic<\/strong> \u0219i nu a fost testat pe animale.[\/vc_column_text][\/vc_column][\/vc_row][vc_row content_placement=&#8221;middle&#8221; conditional_render=&#8221;%5B%7B%22value_role%22%3A%22administrator%22%7D%5D&#8221; css_params=&#8221;&#8221;][vc_column width=&#8221;1\/2&#8243;][vc_column_text css=&#8221;&#8221; css_params=&#8221;&#8221;]<video style=\"max-width: 100%; height: auto;\" poster=\"https:\/\/forgetwhite.com\/wp-content\/uploads\/SpotFW-site-thumb.jpg\" loop=\"loop\" muted=\"\" controls=\"controls\" width=\"100%\" height=\"auto\"><source src=\"https:\/\/forgetwhite.com\/wp-content\/uploads\/SpotFW-site.mp4\" \/>Browserul t\u0103u nu suport\u0103 elementul video.<\/video>[\/vc_column_text][\/vc_column][vc_column width=&#8221;1\/2&#8243;][vc_column_text css=&#8221;&#8221; css_params=&#8221;&#8221;]<\/p>\n<h4>Beneficii cheie:<\/h4>\n<ul>\n<li><strong>Repigmenteaz\u0103 firele de p\u0103r \u2013 scalp, perciuni, spr\u00e2ncene<\/strong><\/li>\n<li><strong>Hidrateaz\u0103 profund scalpul \u0219i elimin\u0103 m\u0103trea\u021ba<\/strong><\/li>\n<li><strong>\u00cent\u0103re\u0219te r\u0103d\u0103cina firului de p\u0103r, prevenind deteriorarea<\/strong><\/li>\n<li><strong>\u00cencetine\u0219te semnificativ procesul de c\u0103dere a p\u0103rului<\/strong><\/li>\n<\/ul>\n<p>Forget White Forte este solu\u021bia perfect\u0103 pentru a-\u021bi transforma rutina de \u00eengrijire a p\u0103rului \u0219i a te bucura de un p\u0103r s\u0103n\u0103tos, str\u0103lucitor \u0219i plin de vitalitate.<\/p>\n<p>\u00cencearc\u0103 acum \u0219i <strong>redescoper\u0103 frumuse\u021bea natural\u0103 a p\u0103rului t\u0103u!<\/strong>[\/vc_column_text][\/vc_column][\/vc_row]<\/p>\n<\/div>","protected":false},"excerpt":{"rendered":"<p>Este afacerea pe care o vei face cu pl\u0103cere toat\u0103 via\u021ba \u0219i o po\u021bi l\u0103sa mo\u0219tenire familiei tale. Este visul frumos al fiec\u0103rui rom\u00e2n care a \u00eemplinit v\u00e2rsta de 18 ani, f\u0103r\u0103 nicio alt\u0103 limit\u0103.<\/p>\n<p>Unde mai g\u0103se\u0219ti ast\u0103zi o afacere \u00een care s\u0103 investe\u0219ti o singur\u0103 dat\u0103 \u0219i s\u0103 c\u00e2\u0219tigi toat\u0103 via\u021ba, c\u00e2t vrei tu? Po\u021bi c\u00e2\u0219tiga f\u0103r\u0103 s\u0103 \u00ee\u021bi faci firm\u0103, ca persoan\u0103 fizic\u0103, pe baza Contractului de Mandat pe care \u00eel \u00eenchei cu noi. Desigur, po\u021bi s\u0103 \u00ee\u021bi faci \u0219i o firm\u0103. Cum dore\u0219ti!<\/p>\n<p>Cumperi o dat\u0103 \u0219i c\u00e2\u0219tigi toat\u0103 via\u021ba! Achizi\u021bia pachetului de start o faci de la membrii echipei Forget White \u0219i ei te vor \u00eenv\u0103\u021ba tot: cum s\u0103 \u00ee\u021bi activezi licen\u021ba pe website ca s\u0103 prime\u0219ti codul unic de licen\u021b\u0103 \u0219i cum s\u0103 \u00ee\u021bi dezvol\u021bi singur afacerea vie\u021bii!<\/p>\n<p>Simplu! Dai codul unic de licen\u021b\u0103 tuturor clien\u021bilor interesa\u021bi, s\u0103 cumpere o singur\u0103 dat\u0103 Pachetul de Start \u0219i s\u0103 c\u00e2\u0219tige toat\u0103 via\u021ba! Vei primi comisoane pentru toate produsele Forget White v\u00e2ndute pe baza codului t\u0103u unic de licen\u021b\u0103!<\/p>\n<p>Satisfac\u021bie f\u0103r\u0103 limite! Ajut\u0103 oamenii s\u0103 scape de problemele \u0219i grijile care \u00eei fr\u0103m\u00e2nt\u0103 de foarte mult timp din cauza unor situa\u021bii pe care Forget White le poate combate rapid, eficient \u015fi la un pre\u021b decent.<\/p>\n<p>Bani mul\u021bi \u0219i fapte bune! S\u0103 nu ui\u021bi niciodat\u0103 de unde ai plecat! Echipa Forget White din care vei face parte este o echip\u0103 a oamenilor buni \u0219i ne dorim s\u0103 facem foarte multe fapte caritabile atunci c\u00e2nd membrii Forget White vor cunoa\u0219te SUCCESUL FINANCIAR!<\/p>\n","protected":false},"featured_media":17954,"comment_status":"open","ping_status":"closed","template":"","meta":[],"product_brand":[],"product_cat":[121,116,73],"product_tag":[],"class_list":{"0":"post-17935","1":"product","2":"type-product","3":"status-publish","4":"has-post-thumbnail","6":"product_cat-afacere","7":"product_cat-cosmetica","8":"product_cat-pachetul-de-start","10":"first","11":"instock","12":"sold-individually","13":"taxable","14":"shipping-taxable","15":"purchasable","16":"product-type-simple"},"yoast_head":"<!-- This site is optimized with the Yoast SEO plugin v27.3 - https:\/\/yoast.com\/product\/yoast-seo-wordpress\/ -->\n<title>Pachetul de Start Combo - Forget White<\/title>\n<meta name=\"robots\" content=\"index, follow, max-snippet:-1, max-image-preview:large, max-video-preview:-1\" \/>\n<link rel=\"canonical\" href=\"https:\/\/forgetwhite.com\/ro\/produs\/pachetul-de-start-combo\/\" \/>\n<meta property=\"og:locale\" content=\"ro_RO\" \/>\n<meta property=\"og:type\" content=\"article\" \/>\n<meta property=\"og:title\" content=\"Pachetul de Start Combo - Forget White\" \/>\n<meta property=\"og:description\" content=\"Este afacerea pe care o vei face cu pl\u0103cere toat\u0103 via\u021ba \u0219i o po\u021bi l\u0103sa mo\u0219tenire familiei tale. Este visul frumos al fiec\u0103rui rom\u00e2n care a \u00eemplinit v\u00e2rsta de 18 ani, f\u0103r\u0103 nicio alt\u0103 limit\u0103.  Unde mai g\u0103se\u0219ti ast\u0103zi o afacere \u00een care s\u0103 investe\u0219ti o singur\u0103 dat\u0103 \u0219i s\u0103 c\u00e2\u0219tigi toat\u0103 via\u021ba, c\u00e2t vrei tu? Po\u021bi c\u00e2\u0219tiga f\u0103r\u0103 s\u0103 \u00ee\u021bi faci firm\u0103, ca persoan\u0103 fizic\u0103, pe baza Contractului de Mandat pe care \u00eel \u00eenchei cu noi. Desigur, po\u021bi s\u0103 \u00ee\u021bi faci \u0219i o firm\u0103. Cum dore\u0219ti!  Cumperi o dat\u0103 \u0219i c\u00e2\u0219tigi toat\u0103 via\u021ba! Achizi\u021bia pachetului de start o faci de la membrii echipei Forget White \u0219i ei te vor \u00eenv\u0103\u021ba tot: cum s\u0103 \u00ee\u021bi activezi licen\u021ba pe website ca s\u0103 prime\u0219ti codul unic de licen\u021b\u0103 \u0219i cum s\u0103 \u00ee\u021bi dezvol\u021bi singur afacerea vie\u021bii!  Simplu! Dai codul unic de licen\u021b\u0103 tuturor clien\u021bilor interesa\u021bi, s\u0103 cumpere o singur\u0103 dat\u0103 Pachetul de Start \u0219i s\u0103 c\u00e2\u0219tige toat\u0103 via\u021ba! Vei primi comisoane pentru toate produsele Forget White v\u00e2ndute pe baza codului t\u0103u unic de licen\u021b\u0103!  Satisfac\u021bie f\u0103r\u0103 limite! Ajut\u0103 oamenii s\u0103 scape de problemele \u0219i grijile care \u00eei fr\u0103m\u00e2nt\u0103 de foarte mult timp din cauza unor situa\u021bii pe care Forget White le poate combate rapid, eficient \u015fi la un pre\u021b decent.  Bani mul\u021bi \u0219i fapte bune! S\u0103 nu ui\u021bi niciodat\u0103 de unde ai plecat! Echipa Forget White din care vei face parte este o echip\u0103 a oamenilor buni \u0219i ne dorim s\u0103 facem foarte multe fapte caritabile atunci c\u00e2nd membrii Forget White vor cunoa\u0219te SUCCESUL FINANCIAR!\" \/>\n<meta property=\"og:url\" content=\"https:\/\/forgetwhite.com\/ro\/produs\/pachetul-de-start-combo\/\" \/>\n<meta property=\"og:site_name\" content=\"Forget White\" \/>\n<meta property=\"article:publisher\" content=\"https:\/\/www.facebook.com\/ForgetWhiteHair\" \/>\n<meta property=\"article:modified_time\" content=\"2025-09-30T20:56:15+00:00\" \/>\n<meta property=\"og:image\" content=\"https:\/\/forgetwhite.com\/wp-content\/uploads\/PdS-FW-Combo-ro.jpg\" \/>\n\t<meta property=\"og:image:width\" content=\"1280\" \/>\n\t<meta property=\"og:image:height\" content=\"1280\" \/>\n\t<meta property=\"og:image:type\" content=\"image\/jpeg\" \/>\n<meta name=\"twitter:card\" content=\"summary_large_image\" \/>\n<meta name=\"twitter:label1\" content=\"Timp estimat pentru citire\" \/>\n\t<meta name=\"twitter:data1\" content=\"Un minut\" \/>\n<script type=\"application\/ld+json\" class=\"yoast-schema-graph\">{\"@context\":\"https:\\\/\\\/schema.org\",\"@graph\":[{\"@type\":\"WebPage\",\"@id\":\"https:\\\/\\\/forgetwhite.com\\\/ro\\\/produs\\\/pachetul-de-start-combo\\\/\",\"url\":\"https:\\\/\\\/forgetwhite.com\\\/ro\\\/produs\\\/pachetul-de-start-combo\\\/\",\"name\":\"Pachetul de Start Combo - Forget White\",\"isPartOf\":{\"@id\":\"https:\\\/\\\/forgetwhite.com\\\/ro\\\/#website\"},\"primaryImageOfPage\":{\"@id\":\"https:\\\/\\\/forgetwhite.com\\\/ro\\\/produs\\\/pachetul-de-start-combo\\\/#primaryimage\"},\"image\":{\"@id\":\"https:\\\/\\\/forgetwhite.com\\\/ro\\\/produs\\\/pachetul-de-start-combo\\\/#primaryimage\"},\"thumbnailUrl\":\"https:\\\/\\\/forgetwhite.com\\\/wp-content\\\/uploads\\\/PdS-FW-Combo-ro.jpg\",\"datePublished\":\"2025-01-09T15:34:27+00:00\",\"dateModified\":\"2025-09-30T20:56:15+00:00\",\"breadcrumb\":{\"@id\":\"https:\\\/\\\/forgetwhite.com\\\/ro\\\/produs\\\/pachetul-de-start-combo\\\/#breadcrumb\"},\"inLanguage\":\"ro-RO\",\"potentialAction\":[{\"@type\":\"ReadAction\",\"target\":[\"https:\\\/\\\/forgetwhite.com\\\/ro\\\/produs\\\/pachetul-de-start-combo\\\/\"]}]},{\"@type\":\"ImageObject\",\"inLanguage\":\"ro-RO\",\"@id\":\"https:\\\/\\\/forgetwhite.com\\\/ro\\\/produs\\\/pachetul-de-start-combo\\\/#primaryimage\",\"url\":\"https:\\\/\\\/forgetwhite.com\\\/wp-content\\\/uploads\\\/PdS-FW-Combo-ro.jpg\",\"contentUrl\":\"https:\\\/\\\/forgetwhite.com\\\/wp-content\\\/uploads\\\/PdS-FW-Combo-ro.jpg\",\"width\":1280,\"height\":1280},{\"@type\":\"BreadcrumbList\",\"@id\":\"https:\\\/\\\/forgetwhite.com\\\/ro\\\/produs\\\/pachetul-de-start-combo\\\/#breadcrumb\",\"itemListElement\":[{\"@type\":\"ListItem\",\"position\":1,\"name\":\"Home\",\"item\":\"https:\\\/\\\/forgetwhite.com\\\/ro\\\/\"},{\"@type\":\"ListItem\",\"position\":2,\"name\":\"Magazin\",\"item\":\"https:\\\/\\\/forgetwhite.com\\\/ro\\\/shop\\\/\"},{\"@type\":\"ListItem\",\"position\":3,\"name\":\"Pachetul de Start Combo\"}]},{\"@type\":\"WebSite\",\"@id\":\"https:\\\/\\\/forgetwhite.com\\\/ro\\\/#website\",\"url\":\"https:\\\/\\\/forgetwhite.com\\\/ro\\\/\",\"name\":\"Forget White\",\"description\":\"Uit\u0103 de firele albe!\",\"publisher\":{\"@id\":\"https:\\\/\\\/forgetwhite.com\\\/ro\\\/#organization\"},\"potentialAction\":[{\"@type\":\"SearchAction\",\"target\":{\"@type\":\"EntryPoint\",\"urlTemplate\":\"https:\\\/\\\/forgetwhite.com\\\/ro\\\/?s={search_term_string}\"},\"query-input\":{\"@type\":\"PropertyValueSpecification\",\"valueRequired\":true,\"valueName\":\"search_term_string\"}}],\"inLanguage\":\"ro-RO\"},{\"@type\":\"Organization\",\"@id\":\"https:\\\/\\\/forgetwhite.com\\\/ro\\\/#organization\",\"name\":\"Forget White\",\"url\":\"https:\\\/\\\/forgetwhite.com\\\/ro\\\/\",\"logo\":{\"@type\":\"ImageObject\",\"inLanguage\":\"ro-RO\",\"@id\":\"https:\\\/\\\/forgetwhite.com\\\/ro\\\/#\\\/schema\\\/logo\\\/image\\\/\",\"url\":\"https:\\\/\\\/forgetwhite.com\\\/wp-content\\\/uploads\\\/2021\\\/04\\\/logo.png\",\"contentUrl\":\"https:\\\/\\\/forgetwhite.com\\\/wp-content\\\/uploads\\\/2021\\\/04\\\/logo.png\",\"width\":500,\"height\":259,\"caption\":\"Forget White\"},\"image\":{\"@id\":\"https:\\\/\\\/forgetwhite.com\\\/ro\\\/#\\\/schema\\\/logo\\\/image\\\/\"},\"sameAs\":[\"https:\\\/\\\/www.facebook.com\\\/ForgetWhiteHair\",\"https:\\\/\\\/www.instagram.com\\\/forget_white.co\"]}]}<\/script>\n<!-- \/ Yoast SEO plugin. -->","yoast_head_json":{"title":"Pachetul de Start Combo - Forget White","robots":{"index":"index","follow":"follow","max-snippet":"max-snippet:-1","max-image-preview":"max-image-preview:large","max-video-preview":"max-video-preview:-1"},"canonical":"https:\/\/forgetwhite.com\/ro\/produs\/pachetul-de-start-combo\/","og_locale":"ro_RO","og_type":"article","og_title":"Pachetul de Start Combo - Forget White","og_description":"Este afacerea pe care o vei face cu pl\u0103cere toat\u0103 via\u021ba \u0219i o po\u021bi l\u0103sa mo\u0219tenire familiei tale. Este visul frumos al fiec\u0103rui rom\u00e2n care a \u00eemplinit v\u00e2rsta de 18 ani, f\u0103r\u0103 nicio alt\u0103 limit\u0103.  Unde mai g\u0103se\u0219ti ast\u0103zi o afacere \u00een care s\u0103 investe\u0219ti o singur\u0103 dat\u0103 \u0219i s\u0103 c\u00e2\u0219tigi toat\u0103 via\u021ba, c\u00e2t vrei tu? Po\u021bi c\u00e2\u0219tiga f\u0103r\u0103 s\u0103 \u00ee\u021bi faci firm\u0103, ca persoan\u0103 fizic\u0103, pe baza Contractului de Mandat pe care \u00eel \u00eenchei cu noi. Desigur, po\u021bi s\u0103 \u00ee\u021bi faci \u0219i o firm\u0103. Cum dore\u0219ti!  Cumperi o dat\u0103 \u0219i c\u00e2\u0219tigi toat\u0103 via\u021ba! Achizi\u021bia pachetului de start o faci de la membrii echipei Forget White \u0219i ei te vor \u00eenv\u0103\u021ba tot: cum s\u0103 \u00ee\u021bi activezi licen\u021ba pe website ca s\u0103 prime\u0219ti codul unic de licen\u021b\u0103 \u0219i cum s\u0103 \u00ee\u021bi dezvol\u021bi singur afacerea vie\u021bii!  Simplu! Dai codul unic de licen\u021b\u0103 tuturor clien\u021bilor interesa\u021bi, s\u0103 cumpere o singur\u0103 dat\u0103 Pachetul de Start \u0219i s\u0103 c\u00e2\u0219tige toat\u0103 via\u021ba! Vei primi comisoane pentru toate produsele Forget White v\u00e2ndute pe baza codului t\u0103u unic de licen\u021b\u0103!  Satisfac\u021bie f\u0103r\u0103 limite! Ajut\u0103 oamenii s\u0103 scape de problemele \u0219i grijile care \u00eei fr\u0103m\u00e2nt\u0103 de foarte mult timp din cauza unor situa\u021bii pe care Forget White le poate combate rapid, eficient \u015fi la un pre\u021b decent.  Bani mul\u021bi \u0219i fapte bune! S\u0103 nu ui\u021bi niciodat\u0103 de unde ai plecat! Echipa Forget White din care vei face parte este o echip\u0103 a oamenilor buni \u0219i ne dorim s\u0103 facem foarte multe fapte caritabile atunci c\u00e2nd membrii Forget White vor cunoa\u0219te SUCCESUL FINANCIAR!","og_url":"https:\/\/forgetwhite.com\/ro\/produs\/pachetul-de-start-combo\/","og_site_name":"Forget White","article_publisher":"https:\/\/www.facebook.com\/ForgetWhiteHair","article_modified_time":"2025-09-30T20:56:15+00:00","og_image":[{"width":1280,"height":1280,"url":"https:\/\/forgetwhite.com\/wp-content\/uploads\/PdS-FW-Combo-ro.jpg","type":"image\/jpeg"}],"twitter_card":"summary_large_image","twitter_misc":{"Timp estimat pentru citire":"Un minut"},"schema":{"@context":"https:\/\/schema.org","@graph":[{"@type":"WebPage","@id":"https:\/\/forgetwhite.com\/ro\/produs\/pachetul-de-start-combo\/","url":"https:\/\/forgetwhite.com\/ro\/produs\/pachetul-de-start-combo\/","name":"Pachetul de Start Combo - Forget White","isPartOf":{"@id":"https:\/\/forgetwhite.com\/ro\/#website"},"primaryImageOfPage":{"@id":"https:\/\/forgetwhite.com\/ro\/produs\/pachetul-de-start-combo\/#primaryimage"},"image":{"@id":"https:\/\/forgetwhite.com\/ro\/produs\/pachetul-de-start-combo\/#primaryimage"},"thumbnailUrl":"https:\/\/forgetwhite.com\/wp-content\/uploads\/PdS-FW-Combo-ro.jpg","datePublished":"2025-01-09T15:34:27+00:00","dateModified":"2025-09-30T20:56:15+00:00","breadcrumb":{"@id":"https:\/\/forgetwhite.com\/ro\/produs\/pachetul-de-start-combo\/#breadcrumb"},"inLanguage":"ro-RO","potentialAction":[{"@type":"ReadAction","target":["https:\/\/forgetwhite.com\/ro\/produs\/pachetul-de-start-combo\/"]}]},{"@type":"ImageObject","inLanguage":"ro-RO","@id":"https:\/\/forgetwhite.com\/ro\/produs\/pachetul-de-start-combo\/#primaryimage","url":"https:\/\/forgetwhite.com\/wp-content\/uploads\/PdS-FW-Combo-ro.jpg","contentUrl":"https:\/\/forgetwhite.com\/wp-content\/uploads\/PdS-FW-Combo-ro.jpg","width":1280,"height":1280},{"@type":"BreadcrumbList","@id":"https:\/\/forgetwhite.com\/ro\/produs\/pachetul-de-start-combo\/#breadcrumb","itemListElement":[{"@type":"ListItem","position":1,"name":"Home","item":"https:\/\/forgetwhite.com\/ro\/"},{"@type":"ListItem","position":2,"name":"Magazin","item":"https:\/\/forgetwhite.com\/ro\/shop\/"},{"@type":"ListItem","position":3,"name":"Pachetul de Start Combo"}]},{"@type":"WebSite","@id":"https:\/\/forgetwhite.com\/ro\/#website","url":"https:\/\/forgetwhite.com\/ro\/","name":"Forget White","description":"Uit\u0103 de firele albe!","publisher":{"@id":"https:\/\/forgetwhite.com\/ro\/#organization"},"potentialAction":[{"@type":"SearchAction","target":{"@type":"EntryPoint","urlTemplate":"https:\/\/forgetwhite.com\/ro\/?s={search_term_string}"},"query-input":{"@type":"PropertyValueSpecification","valueRequired":true,"valueName":"search_term_string"}}],"inLanguage":"ro-RO"},{"@type":"Organization","@id":"https:\/\/forgetwhite.com\/ro\/#organization","name":"Forget White","url":"https:\/\/forgetwhite.com\/ro\/","logo":{"@type":"ImageObject","inLanguage":"ro-RO","@id":"https:\/\/forgetwhite.com\/ro\/#\/schema\/logo\/image\/","url":"https:\/\/forgetwhite.com\/wp-content\/uploads\/2021\/04\/logo.png","contentUrl":"https:\/\/forgetwhite.com\/wp-content\/uploads\/2021\/04\/logo.png","width":500,"height":259,"caption":"Forget White"},"image":{"@id":"https:\/\/forgetwhite.com\/ro\/#\/schema\/logo\/image\/"},"sameAs":["https:\/\/www.facebook.com\/ForgetWhiteHair","https:\/\/www.instagram.com\/forget_white.co"]}]}},"_links":{"self":[{"href":"https:\/\/forgetwhite.com\/ro\/wp-json\/wp\/v2\/product\/17935","targetHints":{"allow":["GET"]}}],"collection":[{"href":"https:\/\/forgetwhite.com\/ro\/wp-json\/wp\/v2\/product"}],"about":[{"href":"https:\/\/forgetwhite.com\/ro\/wp-json\/wp\/v2\/types\/product"}],"replies":[{"embeddable":true,"href":"https:\/\/forgetwhite.com\/ro\/wp-json\/wp\/v2\/comments?post=17935"}],"wp:featuredmedia":[{"embeddable":true,"href":"https:\/\/forgetwhite.com\/ro\/wp-json\/wp\/v2\/media\/17954"}],"wp:attachment":[{"href":"https:\/\/forgetwhite.com\/ro\/wp-json\/wp\/v2\/media?parent=17935"}],"wp:term":[{"taxonomy":"product_brand","embeddable":true,"href":"https:\/\/forgetwhite.com\/ro\/wp-json\/wp\/v2\/product_brand?post=17935"},{"taxonomy":"product_cat","embeddable":true,"href":"https:\/\/forgetwhite.com\/ro\/wp-json\/wp\/v2\/product_cat?post=17935"},{"taxonomy":"product_tag","embeddable":true,"href":"https:\/\/forgetwhite.com\/ro\/wp-json\/wp\/v2\/product_tag?post=17935"}],"curies":[{"name":"wp","href":"https:\/\/api.w.org\/{rel}","templated":true}]}}