{"id":16667,"date":"2024-08-01T10:59:20","date_gmt":"2024-08-01T07:59:20","guid":{"rendered":"https:\/\/forgetwhite.com\/?post_type=product&#038;p=16667"},"modified":"2026-02-03T11:03:28","modified_gmt":"2026-02-03T09:03:28","slug":"set-forget-white-forte","status":"publish","type":"product","link":"https:\/\/forgetwhite.com\/ro\/produs\/set-forget-white-forte\/","title":{"rendered":"Set Forget White Forte"},"content":{"rendered":"<div class=\"wpb-content-wrapper\"><p>[vc_row][vc_column][vc_column_text css=&#8221;&#8221; css_params=&#8221;&#8221;]Forget White Forte este o formul\u0103 avansat\u0103 \u0219i revolu\u021bionar\u0103, <strong>realizat\u0103 100% din ingrediente de origine natural\u0103<\/strong>, potrivit\u0103 pentru toate tipurile de p\u0103r. Acest produs inovator ofer\u0103 o combina\u021bie puternic\u0103 de antioxidan\u021bi \u0219i acizi gra\u0219i nesatura\u021bi, proiectat\u0103 pentru a revitaliza \u0219i proteja p\u0103rul t\u0103u. Forget White Forte \u00eempiedic\u0103 procesul de oxidare a melaninei \u2013 pigmentul care confer\u0103 culoarea natural\u0103 p\u0103rului.<\/p>\n<p>Oprind acest proces de oxidare, melanina poate ac\u021biona din nou, <strong>permi\u021b\u00e2nd firului de p\u0103r s\u0103 \u00ee\u0219i recapete culoarea natural\u0103<\/strong>. Resveratrolul, unul dintre cei mai puternici antioxidan\u021bi cunoscu\u021bi, joac\u0103 un rol esen\u021bial \u00een aceast\u0103 formul\u0103, protej\u00e2nd \u0219i cataliz\u00e2nd reac\u021biile biochimice vitale ale pielii. Forget White Forte con\u021bine de asemenea o concentra\u021bie crescut\u0103 de ingrediente cheie precum Mentona, Linalolul \u0219i Eucaliptolul, care \u00eempreun\u0103 asigur\u0103<strong> o hidratare profund\u0103 \u0219i o stimulare eficient\u0103 a circula\u021biei sanguine<\/strong> \u00een zona scalpului.<\/p>\n<p>Prin utilizarea zilnic\u0103 a produsului, vei observa o \u00eembun\u0103t\u0103\u021bire semnificativ\u0103 a s\u0103n\u0103t\u0103\u021bii p\u0103rului \u0219i a scalpului. Formula <strong>Forget White Forte nu doar repigmenteaz\u0103 p\u0103rul, dar \u0219i \u00eent\u0103re\u0219te r\u0103d\u0103cina firului de p\u0103r, elimin\u0103 m\u0103trea\u021ba \u0219i \u00eencetine\u0219te c\u0103derea acestuia<\/strong>. Studiile \u0219i test\u0103rile au demonstrat rezultate excelente pentru utilizatorii de toate v\u00e2rstele, genurile \u0219i rasele.<\/p>\n<p>Acest produs este realizat cu o tehnologie proprie dezvoltat\u0103 de Valentino de Salva LTD, care p\u0103streaz\u0103 nealterate propriet\u0103\u021bile benefice ale ingredientelor naturale.<\/p>\n<p>Forget White Forte este <strong>testat dermatologic<\/strong> \u0219i nu a fost testat pe animale.[\/vc_column_text][\/vc_column][\/vc_row][vc_row content_placement=&#8221;middle&#8221; conditional_render=&#8221;%5B%7B%22value_role%22%3A%22administrator%22%7D%5D&#8221; css_params=&#8221;&#8221;][vc_column width=&#8221;1\/2&#8243;][vc_column_text css=&#8221;&#8221; css_params=&#8221;&#8221;]<video style=\"max-width: 100%; height: auto;\" poster=\"https:\/\/forgetwhite.com\/wp-content\/uploads\/SpotFW-site-thumb.jpg\" loop=\"loop\" muted=\"\" controls=\"controls\" width=\"100%\" height=\"auto\"><source src=\"https:\/\/forgetwhite.com\/wp-content\/uploads\/SpotFW-site.mp4\" \/>Browserul t\u0103u nu suport\u0103 elementul video.<\/video>[\/vc_column_text][\/vc_column][vc_column width=&#8221;1\/2&#8243;][vc_column_text css=&#8221;&#8221; css_params=&#8221;&#8221;]<\/p>\n<h4>Beneficii cheie:<\/h4>\n<ul>\n<li><strong>Repigmenteaz\u0103 firele de p\u0103r \u2013 scalp, perciuni, spr\u00e2ncene<\/strong><\/li>\n<li><strong>Hidrateaz\u0103 profund scalpul \u0219i elimin\u0103 m\u0103trea\u021ba<\/strong><\/li>\n<li><strong>\u00cent\u0103re\u0219te r\u0103d\u0103cina firului de p\u0103r, prevenind deteriorarea<\/strong><\/li>\n<li><strong>\u00cencetine\u0219te semnificativ procesul de c\u0103dere a p\u0103rului<\/strong><\/li>\n<\/ul>\n<p>Forget White Forte este solu\u021bia perfect\u0103 pentru a-\u021bi transforma rutina de \u00eengrijire a p\u0103rului \u0219i a te bucura de un p\u0103r s\u0103n\u0103tos, str\u0103lucitor \u0219i plin de vitalitate.<\/p>\n<p>\u00cencearc\u0103 acum \u0219i <strong>redescoper\u0103 frumuse\u021bea natural\u0103 a p\u0103rului t\u0103u!<\/strong>[\/vc_column_text][\/vc_column][\/vc_row]<\/p>\n<\/div>","protected":false},"excerpt":{"rendered":"<p>Forget White Forte este o formul\u0103 avansat\u0103, realizat\u0103 <strong>100% din ingrediente de origine natural\u0103<\/strong>, creat\u0103 pentru a revitaliza \u0219i proteja p\u0103rul t\u0103u. <strong>Setul con\u021bine dou\u0103 sticlu\u021be<\/strong> de 50 ml fiecare, bogate \u00een antioxidan\u021bi puternici \u0219i acizi gra\u0219i esen\u021biali, oferind o solu\u021bie eficient\u0103 \u0219i concentrat\u0103 pentru repigmentarea natural\u0103 a p\u0103rului \u0219i \u00eembun\u0103t\u0103\u021birea s\u0103n\u0103t\u0103\u021bii scalpului. Forget White Forte \u00eembun\u0103t\u0103\u021be\u0219te circula\u021bia s\u00e2ngelui \u00een zona scalpului, hidrateaz\u0103 profund scalpul \u0219i foliculii de p\u0103r, rezult\u00e2nd \u00eentr-un p\u0103r mai s\u0103n\u0103tos, mai rezistent \u0219i mai str\u0103lucitor. Cu o formul\u0103 ce con\u021bine ingrediente de top precum Resveratrolul, Eucaliptolul, Carvena \u0219i Mentona, Forget White Forte ofer\u0103 rezultate vizibile \u00een scurt timp. Ideal pentru toate tipurile de p\u0103r, acest produs inovator te ajut\u0103 s\u0103 \u00ee\u021bi <strong>redob\u00e2nde\u0219ti frumuse\u021bea \u0219i culoarea p\u0103rului, prevenind \u00een acela\u0219i timp c\u0103derea acestuia \u0219i elimin\u00e2nd m\u0103trea\u021ba<\/strong>.<\/p>\n","protected":false},"featured_media":16670,"comment_status":"open","ping_status":"closed","template":"","meta":[],"product_brand":[],"product_cat":[35],"product_tag":[],"class_list":{"0":"post-16667","1":"product","2":"type-product","3":"status-publish","4":"has-post-thumbnail","6":"product_cat-par","8":"first","9":"instock","10":"taxable","11":"shipping-taxable","12":"purchasable","13":"product-type-simple"},"yoast_head":"<!-- This site is optimized with the Yoast SEO plugin v27.4 - https:\/\/yoast.com\/product\/yoast-seo-wordpress\/ -->\n<title>Set Forget White Forte - Forget White<\/title>\n<meta name=\"robots\" content=\"index, follow, max-snippet:-1, max-image-preview:large, max-video-preview:-1\" \/>\n<link rel=\"canonical\" href=\"https:\/\/forgetwhite.com\/ro\/produs\/set-forget-white-forte\/\" \/>\n<meta property=\"og:locale\" content=\"ro_RO\" \/>\n<meta property=\"og:type\" content=\"article\" \/>\n<meta property=\"og:title\" content=\"Set Forget White Forte - Forget White\" \/>\n<meta property=\"og:description\" content=\"Forget White Forte este o formul\u0103 avansat\u0103, realizat\u0103 100% din ingrediente de origine natural\u0103, creat\u0103 pentru a revitaliza \u0219i proteja p\u0103rul t\u0103u. Setul con\u021bine dou\u0103 sticlu\u021be de 50 ml fiecare, bogate \u00een antioxidan\u021bi puternici \u0219i acizi gra\u0219i esen\u021biali, oferind o solu\u021bie eficient\u0103 \u0219i concentrat\u0103 pentru repigmentarea natural\u0103 a p\u0103rului \u0219i \u00eembun\u0103t\u0103\u021birea s\u0103n\u0103t\u0103\u021bii scalpului. Forget White Forte \u00eembun\u0103t\u0103\u021be\u0219te circula\u021bia s\u00e2ngelui \u00een zona scalpului, hidrateaz\u0103 profund scalpul \u0219i foliculii de p\u0103r, rezult\u00e2nd \u00eentr-un p\u0103r mai s\u0103n\u0103tos, mai rezistent \u0219i mai str\u0103lucitor. Cu o formul\u0103 ce con\u021bine ingrediente de top precum Resveratrolul, Eucaliptolul, Carvena \u0219i Mentona, Forget White Forte ofer\u0103 rezultate vizibile \u00een scurt timp. Ideal pentru toate tipurile de p\u0103r, acest produs inovator te ajut\u0103 s\u0103 \u00ee\u021bi redob\u00e2nde\u0219ti frumuse\u021bea \u0219i culoarea p\u0103rului, prevenind \u00een acela\u0219i timp c\u0103derea acestuia \u0219i elimin\u00e2nd m\u0103trea\u021ba.\" \/>\n<meta property=\"og:url\" content=\"https:\/\/forgetwhite.com\/ro\/produs\/set-forget-white-forte\/\" \/>\n<meta property=\"og:site_name\" content=\"Forget White\" \/>\n<meta property=\"article:publisher\" content=\"https:\/\/www.facebook.com\/ForgetWhiteHair\" \/>\n<meta property=\"article:modified_time\" content=\"2026-02-03T09:03:28+00:00\" \/>\n<meta property=\"og:image\" content=\"https:\/\/forgetwhite.com\/wp-content\/uploads\/produse-cutie-forget-white-forte2.jpg\" \/>\n\t<meta property=\"og:image:width\" content=\"1280\" \/>\n\t<meta property=\"og:image:height\" content=\"1280\" \/>\n\t<meta property=\"og:image:type\" content=\"image\/jpeg\" \/>\n<meta name=\"twitter:card\" content=\"summary_large_image\" \/>\n<meta name=\"twitter:label1\" content=\"Timp estimat pentru citire\" \/>\n\t<meta name=\"twitter:data1\" content=\"Un minut\" \/>\n<script type=\"application\/ld+json\" class=\"yoast-schema-graph\">{\"@context\":\"https:\\\/\\\/schema.org\",\"@graph\":[{\"@type\":\"WebPage\",\"@id\":\"https:\\\/\\\/forgetwhite.com\\\/ro\\\/produs\\\/set-forget-white-forte\\\/\",\"url\":\"https:\\\/\\\/forgetwhite.com\\\/ro\\\/produs\\\/set-forget-white-forte\\\/\",\"name\":\"Set Forget White Forte - Forget White\",\"isPartOf\":{\"@id\":\"https:\\\/\\\/forgetwhite.com\\\/ro\\\/#website\"},\"primaryImageOfPage\":{\"@id\":\"https:\\\/\\\/forgetwhite.com\\\/ro\\\/produs\\\/set-forget-white-forte\\\/#primaryimage\"},\"image\":{\"@id\":\"https:\\\/\\\/forgetwhite.com\\\/ro\\\/produs\\\/set-forget-white-forte\\\/#primaryimage\"},\"thumbnailUrl\":\"https:\\\/\\\/forgetwhite.com\\\/wp-content\\\/uploads\\\/produse-cutie-forget-white-forte2.jpg\",\"datePublished\":\"2024-08-01T07:59:20+00:00\",\"dateModified\":\"2026-02-03T09:03:28+00:00\",\"breadcrumb\":{\"@id\":\"https:\\\/\\\/forgetwhite.com\\\/ro\\\/produs\\\/set-forget-white-forte\\\/#breadcrumb\"},\"inLanguage\":\"ro-RO\",\"potentialAction\":[{\"@type\":\"ReadAction\",\"target\":[\"https:\\\/\\\/forgetwhite.com\\\/ro\\\/produs\\\/set-forget-white-forte\\\/\"]}]},{\"@type\":\"ImageObject\",\"inLanguage\":\"ro-RO\",\"@id\":\"https:\\\/\\\/forgetwhite.com\\\/ro\\\/produs\\\/set-forget-white-forte\\\/#primaryimage\",\"url\":\"https:\\\/\\\/forgetwhite.com\\\/wp-content\\\/uploads\\\/produse-cutie-forget-white-forte2.jpg\",\"contentUrl\":\"https:\\\/\\\/forgetwhite.com\\\/wp-content\\\/uploads\\\/produse-cutie-forget-white-forte2.jpg\",\"width\":1280,\"height\":1280},{\"@type\":\"BreadcrumbList\",\"@id\":\"https:\\\/\\\/forgetwhite.com\\\/ro\\\/produs\\\/set-forget-white-forte\\\/#breadcrumb\",\"itemListElement\":[{\"@type\":\"ListItem\",\"position\":1,\"name\":\"Home\",\"item\":\"https:\\\/\\\/forgetwhite.com\\\/ro\\\/\"},{\"@type\":\"ListItem\",\"position\":2,\"name\":\"Magazin\",\"item\":\"https:\\\/\\\/forgetwhite.com\\\/ro\\\/shop\\\/\"},{\"@type\":\"ListItem\",\"position\":3,\"name\":\"Set Forget White Forte\"}]},{\"@type\":\"WebSite\",\"@id\":\"https:\\\/\\\/forgetwhite.com\\\/ro\\\/#website\",\"url\":\"https:\\\/\\\/forgetwhite.com\\\/ro\\\/\",\"name\":\"Forget White\",\"description\":\"Uit\u0103 de firele albe!\",\"publisher\":{\"@id\":\"https:\\\/\\\/forgetwhite.com\\\/ro\\\/#organization\"},\"potentialAction\":[{\"@type\":\"SearchAction\",\"target\":{\"@type\":\"EntryPoint\",\"urlTemplate\":\"https:\\\/\\\/forgetwhite.com\\\/ro\\\/?s={search_term_string}\"},\"query-input\":{\"@type\":\"PropertyValueSpecification\",\"valueRequired\":true,\"valueName\":\"search_term_string\"}}],\"inLanguage\":\"ro-RO\"},{\"@type\":\"Organization\",\"@id\":\"https:\\\/\\\/forgetwhite.com\\\/ro\\\/#organization\",\"name\":\"Forget White\",\"url\":\"https:\\\/\\\/forgetwhite.com\\\/ro\\\/\",\"logo\":{\"@type\":\"ImageObject\",\"inLanguage\":\"ro-RO\",\"@id\":\"https:\\\/\\\/forgetwhite.com\\\/ro\\\/#\\\/schema\\\/logo\\\/image\\\/\",\"url\":\"https:\\\/\\\/forgetwhite.com\\\/wp-content\\\/uploads\\\/2021\\\/04\\\/logo.png\",\"contentUrl\":\"https:\\\/\\\/forgetwhite.com\\\/wp-content\\\/uploads\\\/2021\\\/04\\\/logo.png\",\"width\":500,\"height\":259,\"caption\":\"Forget White\"},\"image\":{\"@id\":\"https:\\\/\\\/forgetwhite.com\\\/ro\\\/#\\\/schema\\\/logo\\\/image\\\/\"},\"sameAs\":[\"https:\\\/\\\/www.facebook.com\\\/ForgetWhiteHair\",\"https:\\\/\\\/www.instagram.com\\\/forget_white.co\"]}]}<\/script>\n<!-- \/ Yoast SEO plugin. -->","yoast_head_json":{"title":"Set Forget White Forte - Forget White","robots":{"index":"index","follow":"follow","max-snippet":"max-snippet:-1","max-image-preview":"max-image-preview:large","max-video-preview":"max-video-preview:-1"},"canonical":"https:\/\/forgetwhite.com\/ro\/produs\/set-forget-white-forte\/","og_locale":"ro_RO","og_type":"article","og_title":"Set Forget White Forte - Forget White","og_description":"Forget White Forte este o formul\u0103 avansat\u0103, realizat\u0103 100% din ingrediente de origine natural\u0103, creat\u0103 pentru a revitaliza \u0219i proteja p\u0103rul t\u0103u. Setul con\u021bine dou\u0103 sticlu\u021be de 50 ml fiecare, bogate \u00een antioxidan\u021bi puternici \u0219i acizi gra\u0219i esen\u021biali, oferind o solu\u021bie eficient\u0103 \u0219i concentrat\u0103 pentru repigmentarea natural\u0103 a p\u0103rului \u0219i \u00eembun\u0103t\u0103\u021birea s\u0103n\u0103t\u0103\u021bii scalpului. Forget White Forte \u00eembun\u0103t\u0103\u021be\u0219te circula\u021bia s\u00e2ngelui \u00een zona scalpului, hidrateaz\u0103 profund scalpul \u0219i foliculii de p\u0103r, rezult\u00e2nd \u00eentr-un p\u0103r mai s\u0103n\u0103tos, mai rezistent \u0219i mai str\u0103lucitor. Cu o formul\u0103 ce con\u021bine ingrediente de top precum Resveratrolul, Eucaliptolul, Carvena \u0219i Mentona, Forget White Forte ofer\u0103 rezultate vizibile \u00een scurt timp. Ideal pentru toate tipurile de p\u0103r, acest produs inovator te ajut\u0103 s\u0103 \u00ee\u021bi redob\u00e2nde\u0219ti frumuse\u021bea \u0219i culoarea p\u0103rului, prevenind \u00een acela\u0219i timp c\u0103derea acestuia \u0219i elimin\u00e2nd m\u0103trea\u021ba.","og_url":"https:\/\/forgetwhite.com\/ro\/produs\/set-forget-white-forte\/","og_site_name":"Forget White","article_publisher":"https:\/\/www.facebook.com\/ForgetWhiteHair","article_modified_time":"2026-02-03T09:03:28+00:00","og_image":[{"width":1280,"height":1280,"url":"https:\/\/forgetwhite.com\/wp-content\/uploads\/produse-cutie-forget-white-forte2.jpg","type":"image\/jpeg"}],"twitter_card":"summary_large_image","twitter_misc":{"Timp estimat pentru citire":"Un minut"},"schema":{"@context":"https:\/\/schema.org","@graph":[{"@type":"WebPage","@id":"https:\/\/forgetwhite.com\/ro\/produs\/set-forget-white-forte\/","url":"https:\/\/forgetwhite.com\/ro\/produs\/set-forget-white-forte\/","name":"Set Forget White Forte - Forget White","isPartOf":{"@id":"https:\/\/forgetwhite.com\/ro\/#website"},"primaryImageOfPage":{"@id":"https:\/\/forgetwhite.com\/ro\/produs\/set-forget-white-forte\/#primaryimage"},"image":{"@id":"https:\/\/forgetwhite.com\/ro\/produs\/set-forget-white-forte\/#primaryimage"},"thumbnailUrl":"https:\/\/forgetwhite.com\/wp-content\/uploads\/produse-cutie-forget-white-forte2.jpg","datePublished":"2024-08-01T07:59:20+00:00","dateModified":"2026-02-03T09:03:28+00:00","breadcrumb":{"@id":"https:\/\/forgetwhite.com\/ro\/produs\/set-forget-white-forte\/#breadcrumb"},"inLanguage":"ro-RO","potentialAction":[{"@type":"ReadAction","target":["https:\/\/forgetwhite.com\/ro\/produs\/set-forget-white-forte\/"]}]},{"@type":"ImageObject","inLanguage":"ro-RO","@id":"https:\/\/forgetwhite.com\/ro\/produs\/set-forget-white-forte\/#primaryimage","url":"https:\/\/forgetwhite.com\/wp-content\/uploads\/produse-cutie-forget-white-forte2.jpg","contentUrl":"https:\/\/forgetwhite.com\/wp-content\/uploads\/produse-cutie-forget-white-forte2.jpg","width":1280,"height":1280},{"@type":"BreadcrumbList","@id":"https:\/\/forgetwhite.com\/ro\/produs\/set-forget-white-forte\/#breadcrumb","itemListElement":[{"@type":"ListItem","position":1,"name":"Home","item":"https:\/\/forgetwhite.com\/ro\/"},{"@type":"ListItem","position":2,"name":"Magazin","item":"https:\/\/forgetwhite.com\/ro\/shop\/"},{"@type":"ListItem","position":3,"name":"Set Forget White Forte"}]},{"@type":"WebSite","@id":"https:\/\/forgetwhite.com\/ro\/#website","url":"https:\/\/forgetwhite.com\/ro\/","name":"Forget White","description":"Uit\u0103 de firele albe!","publisher":{"@id":"https:\/\/forgetwhite.com\/ro\/#organization"},"potentialAction":[{"@type":"SearchAction","target":{"@type":"EntryPoint","urlTemplate":"https:\/\/forgetwhite.com\/ro\/?s={search_term_string}"},"query-input":{"@type":"PropertyValueSpecification","valueRequired":true,"valueName":"search_term_string"}}],"inLanguage":"ro-RO"},{"@type":"Organization","@id":"https:\/\/forgetwhite.com\/ro\/#organization","name":"Forget White","url":"https:\/\/forgetwhite.com\/ro\/","logo":{"@type":"ImageObject","inLanguage":"ro-RO","@id":"https:\/\/forgetwhite.com\/ro\/#\/schema\/logo\/image\/","url":"https:\/\/forgetwhite.com\/wp-content\/uploads\/2021\/04\/logo.png","contentUrl":"https:\/\/forgetwhite.com\/wp-content\/uploads\/2021\/04\/logo.png","width":500,"height":259,"caption":"Forget White"},"image":{"@id":"https:\/\/forgetwhite.com\/ro\/#\/schema\/logo\/image\/"},"sameAs":["https:\/\/www.facebook.com\/ForgetWhiteHair","https:\/\/www.instagram.com\/forget_white.co"]}]}},"_links":{"self":[{"href":"https:\/\/forgetwhite.com\/ro\/wp-json\/wp\/v2\/product\/16667","targetHints":{"allow":["GET"]}}],"collection":[{"href":"https:\/\/forgetwhite.com\/ro\/wp-json\/wp\/v2\/product"}],"about":[{"href":"https:\/\/forgetwhite.com\/ro\/wp-json\/wp\/v2\/types\/product"}],"replies":[{"embeddable":true,"href":"https:\/\/forgetwhite.com\/ro\/wp-json\/wp\/v2\/comments?post=16667"}],"wp:featuredmedia":[{"embeddable":true,"href":"https:\/\/forgetwhite.com\/ro\/wp-json\/wp\/v2\/media\/16670"}],"wp:attachment":[{"href":"https:\/\/forgetwhite.com\/ro\/wp-json\/wp\/v2\/media?parent=16667"}],"wp:term":[{"taxonomy":"product_brand","embeddable":true,"href":"https:\/\/forgetwhite.com\/ro\/wp-json\/wp\/v2\/product_brand?post=16667"},{"taxonomy":"product_cat","embeddable":true,"href":"https:\/\/forgetwhite.com\/ro\/wp-json\/wp\/v2\/product_cat?post=16667"},{"taxonomy":"product_tag","embeddable":true,"href":"https:\/\/forgetwhite.com\/ro\/wp-json\/wp\/v2\/product_tag?post=16667"}],"curies":[{"name":"wp","href":"https:\/\/api.w.org\/{rel}","templated":true}]}}