{"id":100,"date":"2018-06-21T05:58:48","date_gmt":"2018-06-21T05:58:48","guid":{"rendered":"http:\/\/sw-themes.com\/porto_dummy\/product\/import-placeholder-for-1415\/"},"modified":"2026-03-24T14:36:24","modified_gmt":"2026-03-24T12:36:24","slug":"forget-white-fitokeratine","status":"publish","type":"product","link":"https:\/\/forgetwhite.com\/ro\/produs\/forget-white-fitokeratine\/","title":{"rendered":"Set Forget White Fitokeratine"},"content":{"rendered":"<div class=\"wpb-content-wrapper\"><p>[vc_row][vc_column][vc_column_text]Forget White Fitokeratine este o formul\u0103 realizat\u0103 \u00een propor\u021bie de 100% din ingrediente de origine natural\u0103, potrivit\u0103 pentru toate tipurile de p\u0103r. Amestecul de uleiuri Forget White, o combina\u021bie echilibrat\u0103 de antioxidan\u021bi \u0219i acizi gra\u0219i nesatura\u021bi, ac\u021bioneaz\u0103 izol\u00e2nd \u0219i protej\u00e2nd r\u0103d\u0103cina firului de p\u0103r, astfel \u00eenc\u00e2t este \u00eempiedicat procesul de oxidare a MELANINEI (pigmentul care d\u0103 culoare firului de p\u0103r).<\/p>\n<p>Oprind procesul de oxidare, melanina poate ac\u021biona din nou iar firul de p\u0103r \u00ee\u0219i recap\u0103t\u0103 culoarea natural\u0103. Ce aduce nou acest produs este introducerea unuia dintre cei mai puternici antioxidan\u021bi cunoscu\u021bi \u00een lumea \u0219tiin\u021bific\u0103 actual\u0103, RESVERATROLUL, care protejeaz\u0103 \u0219i catalizeaz\u0103 producerea reac\u021biilor biochimice din complexul pielii.<\/p>\n<p>Formula Forget White, utilizat\u0103 zilnic, intensific\u0103 circula\u021bia s\u00e2ngelui \u00een zona scalpului \u0219i contribuie la procesul de hidratare profund\u0103 a scapului \u0219i foliculilor de p\u0103r, \u00eembun\u0103t\u0103\u021bind calitatea pielii \u0219i p\u0103rului.<\/p>\n<p>Test\u0103rile au eviden\u021biat ob\u021binerea de rezultate bune indiferent de v\u00e2rst\u0103, genul sau rasa subiectului testat.Produsul este realizat prin tehnologie proprie de Valentino de Salva LTD, care p\u0103streaz\u0103 nealterate propriet\u0103\u021bile ingredientelor naturale. Produsul a fost testat dermatologic. Produsul nu a fost testat pe animale.<\/p>\n<ul>\n<li>Repigmenteaz\u0103 firele de p\u0103r \u2013 scalp, perciuni, spr\u00e2ncene<\/li>\n<li>Hidrateaz\u0103 scalpul \u0219i elimin\u0103 m\u0103trea\u021ba<\/li>\n<li>\u00cent\u0103re\u0219te r\u0103d\u0103cina firului de p\u0103r<\/li>\n<li>\u00cencetine\u0219te c\u0103derea p\u0103rului<\/li>\n<\/ul>\n<p>[\/vc_column_text][\/vc_column][\/vc_row]<\/p>\n<\/div>","protected":false},"excerpt":{"rendered":"<p>Forget White Fitokeratine este o formul\u0103 realizat\u0103 \u00een propor\u021bie de 100% din ingrediente de origine natural\u0103, potrivit\u0103 pentru toate tipurile de p\u0103r. Amestecul de uleiuri Forget White, o combina\u021bie echilibrat\u0103 de antioxidan\u021bi \u0219i acizi gra\u0219i nesatura\u021bi, ac\u021bioneaz\u0103 izol\u00e2nd \u0219i protej\u00e2nd r\u0103d\u0103cina firului de p\u0103r, astfel \u00eenc\u00e2t este \u00eempiedicat procesul de oxidare a MELANINEI (pigmentul care d\u0103 culoare firului de p\u0103r). Oprind procesul de oxidare, melanina ac\u021bioneaz\u0103 din nou, iar firul de p\u0103r \u00ee\u0219i poate rec\u0103p\u0103ta culoarea natural\u0103. Ce aduce nou acest produs este introducerea unuia dintre cei mai puternici antioxidan\u021bi cunoscu\u021bi \u00een lumea \u0219tiin\u021bific\u0103 actual\u0103, RESVERATROLUL, care protejeaz\u0103 \u0219i catalizeaz\u0103 producerea reac\u021biilor biochimice din complexul pielii. Formula Forget White, utilizat\u0103 zilnic, intensific\u0103 circula\u021bia s\u00e2ngelui \u00een zona scalpului \u0219i contribuie la procesul de hidratare profund\u0103 a scalpului \u0219i foliculilor de p\u0103r, \u00eembun\u0103t\u0103\u021bind calitatea pielii \u0219i p\u0103rului.<\/p>\n","protected":false},"featured_media":14725,"comment_status":"open","ping_status":"closed","template":"","meta":[],"product_brand":[],"product_cat":[35],"product_tag":[],"class_list":{"0":"post-100","1":"product","2":"type-product","3":"status-publish","4":"has-post-thumbnail","6":"product_cat-par","8":"first","9":"instock","10":"taxable","11":"shipping-taxable","12":"purchasable","13":"product-type-simple"},"yoast_head":"<!-- This site is optimized with the Yoast SEO plugin v27.3 - https:\/\/yoast.com\/product\/yoast-seo-wordpress\/ -->\n<title>Set Forget White Fitokeratine - Forget White<\/title>\n<meta name=\"robots\" content=\"index, follow, max-snippet:-1, max-image-preview:large, max-video-preview:-1\" \/>\n<link rel=\"canonical\" href=\"https:\/\/forgetwhite.com\/ro\/produs\/forget-white-fitokeratine\/\" \/>\n<meta property=\"og:locale\" content=\"ro_RO\" \/>\n<meta property=\"og:type\" content=\"article\" \/>\n<meta property=\"og:title\" content=\"Set Forget White Fitokeratine - Forget White\" \/>\n<meta property=\"og:description\" content=\"Forget White Fitokeratine este o formul\u0103 realizat\u0103 \u00een propor\u021bie de 100% din ingrediente de origine natural\u0103, potrivit\u0103 pentru toate tipurile de p\u0103r. Amestecul de uleiuri Forget White, o combina\u021bie echilibrat\u0103 de antioxidan\u021bi \u0219i acizi gra\u0219i nesatura\u021bi, ac\u021bioneaz\u0103 izol\u00e2nd \u0219i protej\u00e2nd r\u0103d\u0103cina firului de p\u0103r, astfel \u00eenc\u00e2t este \u00eempiedicat procesul de oxidare a MELANINEI (pigmentul care d\u0103 culoare firului de p\u0103r). Oprind procesul de oxidare, melanina ac\u021bioneaz\u0103 din nou, iar firul de p\u0103r \u00ee\u0219i poate rec\u0103p\u0103ta culoarea natural\u0103. Ce aduce nou acest produs este introducerea unuia dintre cei mai puternici antioxidan\u021bi cunoscu\u021bi \u00een lumea \u0219tiin\u021bific\u0103 actual\u0103, RESVERATROLUL, care protejeaz\u0103 \u0219i catalizeaz\u0103 producerea reac\u021biilor biochimice din complexul pielii. Formula Forget White, utilizat\u0103 zilnic, intensific\u0103 circula\u021bia s\u00e2ngelui \u00een zona scalpului \u0219i contribuie la procesul de hidratare profund\u0103 a scalpului \u0219i foliculilor de p\u0103r, \u00eembun\u0103t\u0103\u021bind calitatea pielii \u0219i p\u0103rului.\" \/>\n<meta property=\"og:url\" content=\"https:\/\/forgetwhite.com\/ro\/produs\/forget-white-fitokeratine\/\" \/>\n<meta property=\"og:site_name\" content=\"Forget White\" \/>\n<meta property=\"article:publisher\" content=\"https:\/\/www.facebook.com\/ForgetWhiteHair\" \/>\n<meta property=\"article:modified_time\" content=\"2026-03-24T12:36:24+00:00\" \/>\n<meta property=\"og:image\" content=\"https:\/\/forgetwhite.com\/wp-content\/uploads\/Forget-White-Set-Main.jpg\" \/>\n\t<meta property=\"og:image:width\" content=\"1024\" \/>\n\t<meta property=\"og:image:height\" content=\"1024\" \/>\n\t<meta property=\"og:image:type\" content=\"image\/jpeg\" \/>\n<meta name=\"twitter:card\" content=\"summary_large_image\" \/>\n<meta name=\"twitter:label1\" content=\"Timp estimat pentru citire\" \/>\n\t<meta name=\"twitter:data1\" content=\"Un minut\" \/>\n<script type=\"application\/ld+json\" class=\"yoast-schema-graph\">{\"@context\":\"https:\\\/\\\/schema.org\",\"@graph\":[{\"@type\":\"WebPage\",\"@id\":\"https:\\\/\\\/forgetwhite.com\\\/ro\\\/produs\\\/forget-white-fitokeratine\\\/\",\"url\":\"https:\\\/\\\/forgetwhite.com\\\/ro\\\/produs\\\/forget-white-fitokeratine\\\/\",\"name\":\"Set Forget White Fitokeratine - Forget White\",\"isPartOf\":{\"@id\":\"https:\\\/\\\/forgetwhite.com\\\/ro\\\/#website\"},\"primaryImageOfPage\":{\"@id\":\"https:\\\/\\\/forgetwhite.com\\\/ro\\\/produs\\\/forget-white-fitokeratine\\\/#primaryimage\"},\"image\":{\"@id\":\"https:\\\/\\\/forgetwhite.com\\\/ro\\\/produs\\\/forget-white-fitokeratine\\\/#primaryimage\"},\"thumbnailUrl\":\"https:\\\/\\\/forgetwhite.com\\\/wp-content\\\/uploads\\\/Forget-White-Set-Main.jpg\",\"datePublished\":\"2018-06-21T05:58:48+00:00\",\"dateModified\":\"2026-03-24T12:36:24+00:00\",\"breadcrumb\":{\"@id\":\"https:\\\/\\\/forgetwhite.com\\\/ro\\\/produs\\\/forget-white-fitokeratine\\\/#breadcrumb\"},\"inLanguage\":\"ro-RO\",\"potentialAction\":[{\"@type\":\"ReadAction\",\"target\":[\"https:\\\/\\\/forgetwhite.com\\\/ro\\\/produs\\\/forget-white-fitokeratine\\\/\"]}]},{\"@type\":\"ImageObject\",\"inLanguage\":\"ro-RO\",\"@id\":\"https:\\\/\\\/forgetwhite.com\\\/ro\\\/produs\\\/forget-white-fitokeratine\\\/#primaryimage\",\"url\":\"https:\\\/\\\/forgetwhite.com\\\/wp-content\\\/uploads\\\/Forget-White-Set-Main.jpg\",\"contentUrl\":\"https:\\\/\\\/forgetwhite.com\\\/wp-content\\\/uploads\\\/Forget-White-Set-Main.jpg\",\"width\":1024,\"height\":1024},{\"@type\":\"BreadcrumbList\",\"@id\":\"https:\\\/\\\/forgetwhite.com\\\/ro\\\/produs\\\/forget-white-fitokeratine\\\/#breadcrumb\",\"itemListElement\":[{\"@type\":\"ListItem\",\"position\":1,\"name\":\"Home\",\"item\":\"https:\\\/\\\/forgetwhite.com\\\/ro\\\/\"},{\"@type\":\"ListItem\",\"position\":2,\"name\":\"Magazin\",\"item\":\"https:\\\/\\\/forgetwhite.com\\\/ro\\\/shop\\\/\"},{\"@type\":\"ListItem\",\"position\":3,\"name\":\"Set Forget White Fitokeratine\"}]},{\"@type\":\"WebSite\",\"@id\":\"https:\\\/\\\/forgetwhite.com\\\/ro\\\/#website\",\"url\":\"https:\\\/\\\/forgetwhite.com\\\/ro\\\/\",\"name\":\"Forget White\",\"description\":\"Uit\u0103 de firele albe!\",\"publisher\":{\"@id\":\"https:\\\/\\\/forgetwhite.com\\\/ro\\\/#organization\"},\"potentialAction\":[{\"@type\":\"SearchAction\",\"target\":{\"@type\":\"EntryPoint\",\"urlTemplate\":\"https:\\\/\\\/forgetwhite.com\\\/ro\\\/?s={search_term_string}\"},\"query-input\":{\"@type\":\"PropertyValueSpecification\",\"valueRequired\":true,\"valueName\":\"search_term_string\"}}],\"inLanguage\":\"ro-RO\"},{\"@type\":\"Organization\",\"@id\":\"https:\\\/\\\/forgetwhite.com\\\/ro\\\/#organization\",\"name\":\"Forget White\",\"url\":\"https:\\\/\\\/forgetwhite.com\\\/ro\\\/\",\"logo\":{\"@type\":\"ImageObject\",\"inLanguage\":\"ro-RO\",\"@id\":\"https:\\\/\\\/forgetwhite.com\\\/ro\\\/#\\\/schema\\\/logo\\\/image\\\/\",\"url\":\"https:\\\/\\\/forgetwhite.com\\\/wp-content\\\/uploads\\\/2021\\\/04\\\/logo.png\",\"contentUrl\":\"https:\\\/\\\/forgetwhite.com\\\/wp-content\\\/uploads\\\/2021\\\/04\\\/logo.png\",\"width\":500,\"height\":259,\"caption\":\"Forget White\"},\"image\":{\"@id\":\"https:\\\/\\\/forgetwhite.com\\\/ro\\\/#\\\/schema\\\/logo\\\/image\\\/\"},\"sameAs\":[\"https:\\\/\\\/www.facebook.com\\\/ForgetWhiteHair\",\"https:\\\/\\\/www.instagram.com\\\/forget_white.co\"]}]}<\/script>\n<!-- \/ Yoast SEO plugin. -->","yoast_head_json":{"title":"Set Forget White Fitokeratine - Forget White","robots":{"index":"index","follow":"follow","max-snippet":"max-snippet:-1","max-image-preview":"max-image-preview:large","max-video-preview":"max-video-preview:-1"},"canonical":"https:\/\/forgetwhite.com\/ro\/produs\/forget-white-fitokeratine\/","og_locale":"ro_RO","og_type":"article","og_title":"Set Forget White Fitokeratine - Forget White","og_description":"Forget White Fitokeratine este o formul\u0103 realizat\u0103 \u00een propor\u021bie de 100% din ingrediente de origine natural\u0103, potrivit\u0103 pentru toate tipurile de p\u0103r. Amestecul de uleiuri Forget White, o combina\u021bie echilibrat\u0103 de antioxidan\u021bi \u0219i acizi gra\u0219i nesatura\u021bi, ac\u021bioneaz\u0103 izol\u00e2nd \u0219i protej\u00e2nd r\u0103d\u0103cina firului de p\u0103r, astfel \u00eenc\u00e2t este \u00eempiedicat procesul de oxidare a MELANINEI (pigmentul care d\u0103 culoare firului de p\u0103r). Oprind procesul de oxidare, melanina ac\u021bioneaz\u0103 din nou, iar firul de p\u0103r \u00ee\u0219i poate rec\u0103p\u0103ta culoarea natural\u0103. Ce aduce nou acest produs este introducerea unuia dintre cei mai puternici antioxidan\u021bi cunoscu\u021bi \u00een lumea \u0219tiin\u021bific\u0103 actual\u0103, RESVERATROLUL, care protejeaz\u0103 \u0219i catalizeaz\u0103 producerea reac\u021biilor biochimice din complexul pielii. Formula Forget White, utilizat\u0103 zilnic, intensific\u0103 circula\u021bia s\u00e2ngelui \u00een zona scalpului \u0219i contribuie la procesul de hidratare profund\u0103 a scalpului \u0219i foliculilor de p\u0103r, \u00eembun\u0103t\u0103\u021bind calitatea pielii \u0219i p\u0103rului.","og_url":"https:\/\/forgetwhite.com\/ro\/produs\/forget-white-fitokeratine\/","og_site_name":"Forget White","article_publisher":"https:\/\/www.facebook.com\/ForgetWhiteHair","article_modified_time":"2026-03-24T12:36:24+00:00","og_image":[{"width":1024,"height":1024,"url":"https:\/\/forgetwhite.com\/wp-content\/uploads\/Forget-White-Set-Main.jpg","type":"image\/jpeg"}],"twitter_card":"summary_large_image","twitter_misc":{"Timp estimat pentru citire":"Un minut"},"schema":{"@context":"https:\/\/schema.org","@graph":[{"@type":"WebPage","@id":"https:\/\/forgetwhite.com\/ro\/produs\/forget-white-fitokeratine\/","url":"https:\/\/forgetwhite.com\/ro\/produs\/forget-white-fitokeratine\/","name":"Set Forget White Fitokeratine - Forget White","isPartOf":{"@id":"https:\/\/forgetwhite.com\/ro\/#website"},"primaryImageOfPage":{"@id":"https:\/\/forgetwhite.com\/ro\/produs\/forget-white-fitokeratine\/#primaryimage"},"image":{"@id":"https:\/\/forgetwhite.com\/ro\/produs\/forget-white-fitokeratine\/#primaryimage"},"thumbnailUrl":"https:\/\/forgetwhite.com\/wp-content\/uploads\/Forget-White-Set-Main.jpg","datePublished":"2018-06-21T05:58:48+00:00","dateModified":"2026-03-24T12:36:24+00:00","breadcrumb":{"@id":"https:\/\/forgetwhite.com\/ro\/produs\/forget-white-fitokeratine\/#breadcrumb"},"inLanguage":"ro-RO","potentialAction":[{"@type":"ReadAction","target":["https:\/\/forgetwhite.com\/ro\/produs\/forget-white-fitokeratine\/"]}]},{"@type":"ImageObject","inLanguage":"ro-RO","@id":"https:\/\/forgetwhite.com\/ro\/produs\/forget-white-fitokeratine\/#primaryimage","url":"https:\/\/forgetwhite.com\/wp-content\/uploads\/Forget-White-Set-Main.jpg","contentUrl":"https:\/\/forgetwhite.com\/wp-content\/uploads\/Forget-White-Set-Main.jpg","width":1024,"height":1024},{"@type":"BreadcrumbList","@id":"https:\/\/forgetwhite.com\/ro\/produs\/forget-white-fitokeratine\/#breadcrumb","itemListElement":[{"@type":"ListItem","position":1,"name":"Home","item":"https:\/\/forgetwhite.com\/ro\/"},{"@type":"ListItem","position":2,"name":"Magazin","item":"https:\/\/forgetwhite.com\/ro\/shop\/"},{"@type":"ListItem","position":3,"name":"Set Forget White Fitokeratine"}]},{"@type":"WebSite","@id":"https:\/\/forgetwhite.com\/ro\/#website","url":"https:\/\/forgetwhite.com\/ro\/","name":"Forget White","description":"Uit\u0103 de firele albe!","publisher":{"@id":"https:\/\/forgetwhite.com\/ro\/#organization"},"potentialAction":[{"@type":"SearchAction","target":{"@type":"EntryPoint","urlTemplate":"https:\/\/forgetwhite.com\/ro\/?s={search_term_string}"},"query-input":{"@type":"PropertyValueSpecification","valueRequired":true,"valueName":"search_term_string"}}],"inLanguage":"ro-RO"},{"@type":"Organization","@id":"https:\/\/forgetwhite.com\/ro\/#organization","name":"Forget White","url":"https:\/\/forgetwhite.com\/ro\/","logo":{"@type":"ImageObject","inLanguage":"ro-RO","@id":"https:\/\/forgetwhite.com\/ro\/#\/schema\/logo\/image\/","url":"https:\/\/forgetwhite.com\/wp-content\/uploads\/2021\/04\/logo.png","contentUrl":"https:\/\/forgetwhite.com\/wp-content\/uploads\/2021\/04\/logo.png","width":500,"height":259,"caption":"Forget White"},"image":{"@id":"https:\/\/forgetwhite.com\/ro\/#\/schema\/logo\/image\/"},"sameAs":["https:\/\/www.facebook.com\/ForgetWhiteHair","https:\/\/www.instagram.com\/forget_white.co"]}]}},"_links":{"self":[{"href":"https:\/\/forgetwhite.com\/ro\/wp-json\/wp\/v2\/product\/100","targetHints":{"allow":["GET"]}}],"collection":[{"href":"https:\/\/forgetwhite.com\/ro\/wp-json\/wp\/v2\/product"}],"about":[{"href":"https:\/\/forgetwhite.com\/ro\/wp-json\/wp\/v2\/types\/product"}],"replies":[{"embeddable":true,"href":"https:\/\/forgetwhite.com\/ro\/wp-json\/wp\/v2\/comments?post=100"}],"wp:featuredmedia":[{"embeddable":true,"href":"https:\/\/forgetwhite.com\/ro\/wp-json\/wp\/v2\/media\/14725"}],"wp:attachment":[{"href":"https:\/\/forgetwhite.com\/ro\/wp-json\/wp\/v2\/media?parent=100"}],"wp:term":[{"taxonomy":"product_brand","embeddable":true,"href":"https:\/\/forgetwhite.com\/ro\/wp-json\/wp\/v2\/product_brand?post=100"},{"taxonomy":"product_cat","embeddable":true,"href":"https:\/\/forgetwhite.com\/ro\/wp-json\/wp\/v2\/product_cat?post=100"},{"taxonomy":"product_tag","embeddable":true,"href":"https:\/\/forgetwhite.com\/ro\/wp-json\/wp\/v2\/product_tag?post=100"}],"curies":[{"name":"wp","href":"https:\/\/api.w.org\/{rel}","templated":true}]}}