{"id":5461,"date":"2021-07-28T12:02:09","date_gmt":"2021-07-28T09:02:09","guid":{"rendered":"https:\/\/forgetwhite.com\/?page_id=5461"},"modified":"2023-02-20T15:44:25","modified_gmt":"2023-02-20T13:44:25","slug":"contract-de-comision","status":"publish","type":"page","link":"https:\/\/forgetwhite.com\/ro\/termeni-si-conditii\/contract-de-comision\/","title":{"rendered":"CONTRACT DE MANDAT F\u0102R\u0102 REPREZENTARE,  CU TITLU ONEROS"},"content":{"rendered":"<div class=\"wpb-content-wrapper\"><p>[vc_row][vc_column][vc_column_text]<div class=\"porto-block\" data-id=\"12717\"><h2 style=\"text-align: center;\"><strong>CONTRACT DE MANDAT F\u0102R\u0102 REPREZENTARE, CU TITLU ONEROS<\/strong><\/h2>\r\n<strong>I. P\u0102R\u021aILE<\/strong>\r\n\r\nPrezentul contract se \u00eencheie \u00eentre:\r\n<ol>\r\n \t<li>Societatea <strong>FORGET WHITE \u0218I ASOCIA\u021aII S.A.,<\/strong> cu sediul \u00een Otopeni, str. Tudor Vladimirescu nr. 74B, jude\u021b Ilfov, av\u00e2nd CUI 47411843, \u00eenmatriculat\u0103 sub nr. J23\/83\/2023, reprezentat\u0103 prin MORARU RADU \u00een calitate de administrator, denumit\u0103 \u00een continuare \u201dMANDANT\u201d \u0219i<\/li>\r\n \t<li>\u201dMANDATAR\u201d, av\u00e2nd datele de identificare introduse la crearea contului pe platforma www.forgetwhite.com<\/li>\r\n<\/ol>\r\n<strong>II. OBIECTUL<\/strong>\r\n<ol>\r\n \t<li>Obiectul contractului \u00eel constituie obliga\u021bia asumat\u0103 de MANDATAR, de a \u00eencheia diverse acte juridice \u00een principal de v\u00e2nzare-cump\u0103rare produse, \u00een nume propriu, dar pe seama MANDANTULUI, asum\u00e2ndu-\u0219i fa\u021b\u0103 de ter\u021bi obliga\u021biile care rezult\u0103 din aceste acte, prin intermediul platformei www.forgetwhite.com .<\/li>\r\n \t<li>Produsele vor fi furnizate de MANDANT, MANDATARUL neasum\u00e2ndu-\u0219i practic nici un risc. MANDATARUL poate comanda produse \u00een primul r\u00e2nd pentru el, familia \u0219i prietenii lui.<\/li>\r\n<\/ol>\r\n<strong>III. DURATA<\/strong>\r\n\r\nContractul se \u00eencheie pe o perioad\u0103 de 1 an, cu posibilitatea prelungirii automate, \u00een cazul \u00een care nicio parte nu notific\u0103 inten\u021bia de \u00eencetare a contractului, cu minimum 5 zile lucr\u0103toare \u00eenainte de data propus\u0103 pentru \u00eencetare.\r\n\r\n<strong>IV. COMISIONUL \u0218I PLATA<\/strong>\r\n<ol>\r\n \t<li>Comisionul primit de MANDATAR pentru \u00eendeplinirea sarcinilor sale se stabile\u0219te \u00een func\u021bie de nivelul v\u00e2nz\u0103rilor, \u00een trepte procentuale \u0219i este prev\u0103zut \u00een Anexa 1 ce face parte integrant\u0103 din prezentul contract.<\/li>\r\n \t<li>Plata comisionului va fi f\u0103cut\u0103 de MANDANT la solicitarea MANDATARULUI, in sec\u021biunea \u201eAfacerea mea\u201d de pe www.forgetwhite.com, in termen de maxim 30 zile de la primirea solicit\u0103rii.<\/li>\r\n \t<li>Plata comisionului se va efectua \u00een contul MANDATARULUI, completat de c\u0103tre acesta in sec\u021biunea \u201edate bancare\u201d de pe platforma www.forgetwhite.com .<\/li>\r\n<\/ol>\r\n<strong>V. OBLIGA\u021aIILE \u0218I R\u0102SPUNDEREA MANDATARULUI<\/strong>\r\n<ol>\r\n \t<li>MANDATARUL se oblig\u0103 s\u0103 v\u00e2nd\u0103\/distribuie \u00een nume propriu produsele puse la dispozi\u021bie de MANDANT.<\/li>\r\n \t<li>MANDATARUL va pl\u0103ti in contul MANDANTULUI contravaloarea produselor comandate prin intermediul platformei www.forgetwhite.com<\/li>\r\n \t<li>MANDATARUL va utiliza platforma www.forgetwhite.com pus\u0103 la dispozi\u021bie de MANDANT, fiind instruit \u00een acest sens anterior de c\u0103tre MANDANT. MANDATARUL nu va suporta nici un cost legat de utilizarea \u0219i \u00eentre\u021binerea platformei din patrimoniul propriu.<\/li>\r\n \t<li>Pentru \u00eendeplinirea activit\u0103\u021bii MANDATARUL nu are nevoie de vreo calificare sau preg\u0103tire special\u0103 ori utilizarea unei capacit\u0103\u021bi intelectuale sau fizice deosebite.<\/li>\r\n \t<li>MANDATARUL are libertatea de a stabili c\u00e2te acte \u0219i c\u00e2nd le va \u00eencheia, precum \u0219i cu ce persoane, nefiind condi\u021bionat \u00een acest sens \u00een nici un fel de MANDANT, activitatea prestat\u0103 neav\u00e2nd caracter de continuitate \u00een \u00een\u021belesul legii.<\/li>\r\n \t<li>MANDATARUL va putea \u00eencheia la r\u00e2ndul s\u0103u, astfel de contracte cu persoane pe care le consider\u0103 \u201dde \u00eencredere\u201d \u0219i c\u0103rora le poate distribui la r\u00e2ndul s\u0103u o parte din stocul de produse cerut \u0219i primit de la MANDANT. Contractele pot fi \u00eencheiate \u00een scris ori verbal, MANDATARUL r\u0103m\u00e2n\u00e2nd \u00eens\u0103 r\u0103spunz\u0103tor fa\u021b\u0103 de MANDANT pentru valoarea stocului de produse primit spre distribuire.<\/li>\r\n \t<li>La \u00eencetarea contractului p\u0103r\u021bile vor proceda la regularizarea stocurilor de produse, respectiv a sumelor virate reciproc, \u00een executarea contractului.<\/li>\r\n<\/ol>\r\n<strong>VI. OBLIGA\u021aIILE \u0218I R\u0102SPUNDEREA MANDANTULUI<\/strong>\r\n<ol>\r\n \t<li>MANDANTUL va pune la dispozi\u021bia MANDATARULUI produsele solicitate de acesta prin intermediul platformei www.forgetwhite.com .<\/li>\r\n \t<li>MANDANTUL va face analiza v\u00e2nz\u0103rilor MANDATARULUI \u0219i va vira acestuia comisionul corespunz\u0103tor, la solicitarea acestuia, dar nu \u00eenainte de \u00eencasarea de la acesta a contravalorii produselor v\u00e2ndute. Analiza v\u00e2nz\u0103rilor se face automat in cadrul platformei www.forgetwhite.com si este disponibila pentru a fi consultata de c\u0103tre MANDATAR in sec\u021biunea \u201eAfacerea mea\u201d de pe website.<\/li>\r\n \t<li>MANDANTUL va asigura func\u021bionalitatea platformei <a href=\"http:\/\/www.forgetwhite.com\">www.forgetwhite.com<\/a> , fiind la latitudinea MANDATARULUI c\u00e2nd o acceseaz\u0103 \u0219i pentru c\u00e2te acte\/contracte\/produse.<\/li>\r\n \t<li>MANDANTUL va retine si plati cu titlu de impozit, prin stopaj la sursa, 10% din valoarea comisionului MANDATARULUI<\/li>\r\n<\/ol>\r\n<strong>VII. \u00ceNCETAREA CONTRACTULUI<\/strong>\r\n<ol>\r\n \t<li style=\"list-style-type: none;\">\r\n<ol>\r\n \t<li>Contractul \u00eenceteaz\u0103 prin denun\u021barea unilateral\u0103, f\u0103cut\u0103 cu cel pu\u021bin 5 zile lucr\u0103toare \u00eenainte de \u00eemplinirea termenului contractual, de oricare dintre p\u0103r\u021bi. Denun\u021barea de c\u0103tre mandatar nu e condi\u021bionat\u0103 \u00een vreun fel.<\/li>\r\n \t<li>Contractul \u00eenceteaz\u0103 \u0219i \u00een cauzele specifice \u00eencet\u0103rii contractului de mandat (decesul MANDATARULUI, insolven\u021ba MANDANTULUI etc.).<\/li>\r\n \t<li>La \u00eencetarea contractului p\u0103r\u021bile vor proceda cu bun\u0103-credin\u021b\u0103 la darea socotelilor necesare (regularizarea contabil\u0103 a stocului de produse \u0219i a sumelor \u00eencasate\/virate reciproc, dup\u0103 caz).<\/li>\r\n<\/ol>\r\n<\/li>\r\n<\/ol>\r\n<strong>VIII. CLAUZE FINALE<\/strong>\r\n<ol>\r\n \t<li>For\u021ba major\u0103 exonereaz\u0103 de r\u0103spundere partea care o invoc\u0103 \u00een condi\u021biile legii. Partea afectat\u0103 are obliga\u021bia notific\u0103rii celeilalte p\u0103r\u021bi de \u00eendat\u0103, dar nu mai t\u00e2rziu de cel mult dou\u0103 zile lucr\u0103toare dup\u0103 \u00eencetarea evenimentului de for\u021b\u0103.<\/li>\r\n<\/ol>\r\nFiecare parte va lua toate m\u0103surile necesare pentru diminuarea efectelor evenimentului de for\u021b\u0103 major\u0103.\r\n<ol start=\"2\">\r\n \t<li>Orice eventual litigiu ivit cu privire la interpretarea \u0219i executarea prezentului contract va fi solu\u021bionat de p\u0103r\u021bi pe cale amiabil\u0103, iar \u00een caz contrar la instan\u021ba competent\u0103 de la domiciliul\/sediul MANDANTULUI.<\/li>\r\n \t<li>Prin semnarea prezentului contract P\u0103r\u021bile declar\u0103 c\u0103 sunt de acord cu prelucrarea reciproc\u0103 a datelor personale \u00een scopul \u00eendeplinirii obliga\u021biilor ce decurg din prezentul contract \u0219i garanteaz\u0103 c\u0103 nu vor folosi \u00een alt scop \u0219i nu vor dezv\u0103lui fa\u021b\u0103 de ter\u021bi datele personale dec\u00e2t \u00een m\u0103sura necesar\u0103 execut\u0103rii prezentului contract, potrivit Anexei 2, care face parte integrant\u0103 din prezentul contract.<\/li>\r\n \t<li>Contractul este guvernat de Codul civil, art. 2039 \u0219i urm\u0103toarele.<\/li>\r\n \t<li>P\u0103r\u021bile declar\u0103 c\u0103 au deplin\u0103 capacitate civil\u0103 pentru \u00eencheierea \u0219i executarea prezentului contract.<\/li>\r\n \t<li>Prezentul contract s-a \u00eencheiat azi, data semnarii lui , data fiind stocat\u0103 de catre platforma forgetwhite.com.<\/li>\r\n<\/ol>\r\n<br>\r\n<strong>MANDANT, <\/strong>prin administrator,<br>\r\nMoraru Radu\r\n<br>\r\n<br>\r\n<p style=\"text-align: center;\"><strong>ANEXA NR. 1<\/strong><\/p>\r\n<p style=\"text-align: center;\">la <strong>CONTRACTUL DE MANDAT<\/strong><\/p>\r\nComisioanele ce vor fi incasate de catre MANDATAR sunt urmatoarele:\r\n<ol>\r\n \t<li>MANDATARUL cu rang de Partener (conform codului de licenta forgetwhite), va incasa un comision de 22% din valoarea totala a comenzii pentru vanzarea directa si un comision de 5% din vanzarile retelei descendente (Depozit, Distribuitor, Vanzator)<\/li>\r\n \t<li>MANDATARUL cu rang de Depozit (conform codului de licenta forgetwhite), va incasa un comision de 22% din valoarea totala a comenzii pentru vanzarea directa si un comision de 5% din vanzarile retelei descendente (Distribuitor, Vanzator)<\/li>\r\n \t<li>MANDATARUL cu rang de Distribuitor (conform codului de licenta forgetwhite), va incasa un comision de 22% din valoarea totala a comenzii pentru vanzarea directa si un comision de 5% din vanzarile retelei descendente (Vanzator)<\/li>\r\n \t<li>MANDATARUL cu rang de Vanzator (conform codului de licenta forgetwhite), va incasa un comision de 30% din valoarea totala a comenzii pentru vanzarea directa.<\/li>\r\n \t<li>MANDATARII care au obtinut deja comisionul promotional de 40% pastreaza acest nivel de comisionare.<\/li>\r\n \t<li>MANDATARUL cu rang de LICENTIAT va incasa comision de 50% din valoarea vanzarilor directe<\/li>\r\n<\/ol>\r\n<br>\r\n<strong>MANDANT, <\/strong>prin administrator,<br>\r\nMoraru Radu\r\n<br>\r\n<br>\r\n<p style=\"text-align: center;\"><strong>Anexa nr. 2 la CONTRACTUL DE MANDAT<\/strong><\/p>\r\n<p style=\"text-align: center;\"><strong>Clauza privind protec\u021bia datelor personale<\/strong><\/p>\r\n&nbsp;\r\n\r\nArt. 1. P\u0103r\u021bile stabilesc de comun acord faptul ca prin raportare la prevederile Regulamentului UE 2016\/679, ambele p\u0103r\u021bi vor de\u021bine calitatea de operator date personale in ceea ce prive\u0219te datele ob\u021binute de la cealalt\u0103 parte \u00een baza prezentului contract, in conformitate cu prevederile legale aplicabile in materie. P\u0103r\u021bile trebuie s\u0103 respecte normele \u0219i obliga\u021biile impuse de legisla\u021bia \u00een vigoare, privind protec\u021bia datelor cu caracter personal.\r\n\r\nP\u0103r\u021bile declar\u0103 c\u0103 accept\u0103 \u00een cuno\u0219tin\u021b\u0103 de cauz\u0103, \u00een mod liber, expres \u015fi neechivoc, prelucrarea reciproc\u0103 a datelor personale ale reprezentan\u021bilor lor \u00een vederea \u00eencheierii \u0219i pentru scopul execut\u0103rii contractului men\u021bionat mai sus, in conformitate cu prevederile legale aplicabile (Legea nr. 102\/2005, Regulamentul UE 2016\/679 etc.).\r\n\r\nArt. 2. Prin \u201cdate cu caracter personal\u201d se \u00een\u021belege orice informa\u021bie pentru sau privind identificarea persoanei fizice, cum ar fi: un nume, un num\u0103r de identificare, date de localizare, un identificator online sau unul ori mai multe elemente specifice, proprii identit\u0103\u021bii sale fizice, fiziologice, genetice etc.\r\n\r\nArt. 3. P\u0103r\u021bile vor lua, pe propria r\u0103spundere, toate masurile rezonabile si necesare pentru a asigura ca to\u021bi angaja\u021bii, agen\u021bii, partenerii si subcontractan\u021bii lor respecta clauzele prezentului contract ori de c\u00e2te ori prelucreaz\u0103 orice date cu caracter personal aferente acestuia.\r\n\r\nArt. 4. P\u0103r\u021bile convin de comun acord ca pe durata contractului si pe o perioada de 1 an dup\u0103 \u00eencetarea\/rezolu\u021biunea acestuia, s\u0103 ia toate masurile rezonabile necesare pentru a preveni dezv\u0103luirea unor informa\u021bii pe care le primesc, una de la alta sau pe care le pot ob\u0163ine in alte modalit\u0103\u021bi pe timpul execut\u0103rii contractului. In cazul in care p\u0103r\u021bile nu vor respecta obliga\u021biile asumate cu privire la confiden\u021bialitatea informa\u021biilor prin dezv\u0103luirea acestora c\u0103tre ter\u0163e persoane, partea \u00een culp\u0103 va putea fi obligat\u0103 la plata de daune interese.\r\n\r\nArt. 5. P\u00e2r\u021bile se obliga s\u0103 ia, pe propria r\u0103spundere, toate masurile de precau\u021bie rezonabile pentru a asigura securitatea si prevenirea oric\u0103ror distrugeri, pierderi, modific\u0103ri, dezv\u0103luiri, achizi\u021bii sau acces\u0103ri ilegale sau neautorizate cu privire la \u201cDatele cu caracter personal\u201d de\u021binute despre cealalt\u0103 parte. Cu toate acestea, in cazul in care datele cu caracter personal furnizate au fost accesate sau ob\u021binute de o persoana neautorizata sau are loc orice \u00eenc\u0103lcare a securit\u0103\u021bii datelor cu caracter personal, fiecare parte va notifica imediat celeilalte p\u0103r\u021bi un astfel de incident (nu mai t\u00e2rziu de 72 de orie) si va coopera in vederea lu\u0103rii oric\u0103ror masuri considerate necesare pentru atenuarea oric\u0103rei pierderi sau daune provocate de un astfel de acces neautorizat si pentru notificarea Autorit\u0103\u0163ii Na\u0163ionale de Supraveghere a Prelucr\u0103rii Datelor cu Caracter Personal.\r\n\r\nArt.6. P\u0103r\u021bile iau cuno\u0219tin\u021b\u0103 prin prezentul contract de \u2013 \u0219i accept\u0103 \u2013 drepturile de care beneficiaz\u0103 persoanele fizice ale c\u0103ror date sunt prelucrate \u00een scopul execut\u0103rii contractului \u00eencheiat, respectiv:\r\n\r\n\u2013 dreptul de acces la aceste date;\r\n\r\n\u2013 dreptul de interven\u021bie asupra acestora;\r\n\r\n\u2013 dreptul la rectificarea acestora;\r\n\r\n\u2013 dreptul de opozi\u021bie la prelucrarea datelor;\r\n\r\n\u2013 dreptul de a nu fi supus unor decizii automatizate, inclusiv profilarea;\r\n\r\n\u2013 dreptul la portabilitatea datelor;\r\n\r\n\u2013 dreptul la notificarea destinatarilor privind rectificarea;\r\n\r\n\u2013 dreptul la \u0219tergerea ori restric\u021bionarea datelor cu caracter personal;\r\n\r\n\u2013 dreptul de a se adresa Autorit\u0103\u021bii de Supraveghere sau instan\u021belor de judecata cu privire la prelucrarea acestor date;\r\n\r\n\u2013 dreptul de a se opune prelucr\u0103rii datelor cu caracter personal;\r\n\r\n\u2013 dreptul de a primi o informare cu privire la datele cu caracter personal prelucrate de Operator;\r\n\r\n\u2013 dreptul de retragere a consim\u021b\u0103m\u00e2ntului privitor la prelucrare datelor cu caracter personal.\r\n\r\nDe asemenea, p\u0103r\u0163ile iau la cuno\u0219tin\u021b\u0103 faptul ca pentru exercitarea acestor drepturi pot depune o cerere in scris, datata si semnat\u0103, in aten\u021bia responsabilului cu protec\u021bia datelor cu caracter personal al celeilalte p\u0103r\u021bi.\r\n\r\nArt.7. In termen de cel mult 2 ani de la \u00eencetarea Contractului sau de la finalizarea serviciilor (oricare intervine prima data), fiecare dintre p\u0103r\u021bi va distruge sau restitui toate datele cu caracter personal ale celeilalte p\u0103r\u021bi, cu excep\u021bia cazului \u00een care legisla\u021bia in vigoare sau alte proceduri si\/sau norme interne impun in sarcina p\u0103r\u021bii respective respectarea anumitor termene de prescrip\u021bie mai mari, legate de p\u0103strarea datelor cu caracter personal.\r\n\r\n<br>\r\n<strong>MANDANT, <\/strong>prin administrator,<br>\r\nMoraru Radu\r\n<br><\/div>[\/vc_column_text][\/vc_column][\/vc_row][vc_row][vc_column][vc_column_text][\/vc_column_text][\/vc_column][\/vc_row]<\/p>\n<\/div>","protected":false},"excerpt":{"rendered":"<p>[vc_row][vc_column][vc_column_text][\/vc_column_text][\/vc_column][\/vc_row][vc_row][vc_column][vc_column_text][\/vc_column_text][\/vc_column][\/vc_row]<\/p>\n","protected":false},"author":3981736624085205,"featured_media":0,"parent":2094,"menu_order":0,"comment_status":"closed","ping_status":"closed","template":"","meta":{"footnotes":""},"class_list":["post-5461","page","type-page","status-publish","hentry"],"yoast_head":"<!-- This site is optimized with the Yoast SEO plugin v27.5 - https:\/\/yoast.com\/product\/yoast-seo-wordpress\/ -->\n<title>CONTRACT DE MANDAT F\u0102R\u0102 REPREZENTARE, CU TITLU ONEROS - Forget White<\/title>\n<meta name=\"robots\" content=\"index, follow, max-snippet:-1, max-image-preview:large, max-video-preview:-1\" \/>\n<link rel=\"canonical\" href=\"https:\/\/forgetwhite.com\/ro\/termeni-si-conditii\/contract-de-comision\/\" \/>\n<meta property=\"og:locale\" content=\"ro_RO\" \/>\n<meta property=\"og:type\" content=\"article\" \/>\n<meta property=\"og:title\" content=\"CONTRACT DE MANDAT F\u0102R\u0102 REPREZENTARE, CU TITLU ONEROS - Forget White\" \/>\n<meta property=\"og:description\" content=\"[vc_row][vc_column][vc_column_text][\/vc_column_text][\/vc_column][\/vc_row][vc_row][vc_column][vc_column_text][\/vc_column_text][\/vc_column][\/vc_row]\" \/>\n<meta property=\"og:url\" content=\"https:\/\/forgetwhite.com\/ro\/termeni-si-conditii\/contract-de-comision\/\" \/>\n<meta property=\"og:site_name\" content=\"Forget White\" \/>\n<meta property=\"article:publisher\" content=\"https:\/\/www.facebook.com\/ForgetWhiteHair\" \/>\n<meta property=\"article:modified_time\" content=\"2023-02-20T13:44:25+00:00\" \/>\n<meta property=\"og:image\" content=\"https:\/\/forgetwhite.com\/wp-content\/uploads\/2021\/04\/logo.png\" \/>\n\t<meta property=\"og:image:width\" content=\"500\" \/>\n\t<meta property=\"og:image:height\" content=\"259\" \/>\n\t<meta property=\"og:image:type\" content=\"image\/png\" \/>\n<meta name=\"twitter:card\" content=\"summary_large_image\" \/>\n<meta name=\"twitter:label1\" content=\"Timp estimat pentru citire\" \/>\n\t<meta name=\"twitter:data1\" content=\"7 minute\" \/>\n<script type=\"application\/ld+json\" class=\"yoast-schema-graph\">{\"@context\":\"https:\\\/\\\/schema.org\",\"@graph\":[{\"@type\":\"WebPage\",\"@id\":\"https:\\\/\\\/forgetwhite.com\\\/ro\\\/termeni-si-conditii\\\/contract-de-comision\\\/\",\"url\":\"https:\\\/\\\/forgetwhite.com\\\/ro\\\/termeni-si-conditii\\\/contract-de-comision\\\/\",\"name\":\"CONTRACT DE MANDAT F\u0102R\u0102 REPREZENTARE, CU TITLU ONEROS - Forget White\",\"isPartOf\":{\"@id\":\"https:\\\/\\\/forgetwhite.com\\\/ro\\\/#website\"},\"datePublished\":\"2021-07-28T09:02:09+00:00\",\"dateModified\":\"2023-02-20T13:44:25+00:00\",\"breadcrumb\":{\"@id\":\"https:\\\/\\\/forgetwhite.com\\\/ro\\\/termeni-si-conditii\\\/contract-de-comision\\\/#breadcrumb\"},\"inLanguage\":\"ro-RO\",\"potentialAction\":[{\"@type\":\"ReadAction\",\"target\":[\"https:\\\/\\\/forgetwhite.com\\\/ro\\\/termeni-si-conditii\\\/contract-de-comision\\\/\"]}]},{\"@type\":\"BreadcrumbList\",\"@id\":\"https:\\\/\\\/forgetwhite.com\\\/ro\\\/termeni-si-conditii\\\/contract-de-comision\\\/#breadcrumb\",\"itemListElement\":[{\"@type\":\"ListItem\",\"position\":1,\"name\":\"Home\",\"item\":\"https:\\\/\\\/forgetwhite.com\\\/ro\\\/\"},{\"@type\":\"ListItem\",\"position\":2,\"name\":\"Termeni \u0219i condi\u021bii de utilizare\",\"item\":\"https:\\\/\\\/forgetwhite.com\\\/ro\\\/terms-and-conditions\\\/\"},{\"@type\":\"ListItem\",\"position\":3,\"name\":\"CONTRACT DE MANDAT F\u0102R\u0102 REPREZENTARE, CU TITLU ONEROS\"}]},{\"@type\":\"WebSite\",\"@id\":\"https:\\\/\\\/forgetwhite.com\\\/ro\\\/#website\",\"url\":\"https:\\\/\\\/forgetwhite.com\\\/ro\\\/\",\"name\":\"Forget White\",\"description\":\"Uit\u0103 de firele albe!\",\"publisher\":{\"@id\":\"https:\\\/\\\/forgetwhite.com\\\/ro\\\/#organization\"},\"potentialAction\":[{\"@type\":\"SearchAction\",\"target\":{\"@type\":\"EntryPoint\",\"urlTemplate\":\"https:\\\/\\\/forgetwhite.com\\\/ro\\\/?s={search_term_string}\"},\"query-input\":{\"@type\":\"PropertyValueSpecification\",\"valueRequired\":true,\"valueName\":\"search_term_string\"}}],\"inLanguage\":\"ro-RO\"},{\"@type\":\"Organization\",\"@id\":\"https:\\\/\\\/forgetwhite.com\\\/ro\\\/#organization\",\"name\":\"Forget White\",\"url\":\"https:\\\/\\\/forgetwhite.com\\\/ro\\\/\",\"logo\":{\"@type\":\"ImageObject\",\"inLanguage\":\"ro-RO\",\"@id\":\"https:\\\/\\\/forgetwhite.com\\\/ro\\\/#\\\/schema\\\/logo\\\/image\\\/\",\"url\":\"https:\\\/\\\/forgetwhite.com\\\/wp-content\\\/uploads\\\/2021\\\/04\\\/logo.png\",\"contentUrl\":\"https:\\\/\\\/forgetwhite.com\\\/wp-content\\\/uploads\\\/2021\\\/04\\\/logo.png\",\"width\":500,\"height\":259,\"caption\":\"Forget White\"},\"image\":{\"@id\":\"https:\\\/\\\/forgetwhite.com\\\/ro\\\/#\\\/schema\\\/logo\\\/image\\\/\"},\"sameAs\":[\"https:\\\/\\\/www.facebook.com\\\/ForgetWhiteHair\",\"https:\\\/\\\/www.instagram.com\\\/forget_white.co\"]}]}<\/script>\n<!-- \/ Yoast SEO plugin. -->","yoast_head_json":{"title":"CONTRACT DE MANDAT F\u0102R\u0102 REPREZENTARE, CU TITLU ONEROS - Forget White","robots":{"index":"index","follow":"follow","max-snippet":"max-snippet:-1","max-image-preview":"max-image-preview:large","max-video-preview":"max-video-preview:-1"},"canonical":"https:\/\/forgetwhite.com\/ro\/termeni-si-conditii\/contract-de-comision\/","og_locale":"ro_RO","og_type":"article","og_title":"CONTRACT DE MANDAT F\u0102R\u0102 REPREZENTARE, CU TITLU ONEROS - Forget White","og_description":"[vc_row][vc_column][vc_column_text][\/vc_column_text][\/vc_column][\/vc_row][vc_row][vc_column][vc_column_text][\/vc_column_text][\/vc_column][\/vc_row]","og_url":"https:\/\/forgetwhite.com\/ro\/termeni-si-conditii\/contract-de-comision\/","og_site_name":"Forget White","article_publisher":"https:\/\/www.facebook.com\/ForgetWhiteHair","article_modified_time":"2023-02-20T13:44:25+00:00","og_image":[{"width":500,"height":259,"url":"https:\/\/forgetwhite.com\/wp-content\/uploads\/2021\/04\/logo.png","type":"image\/png"}],"twitter_card":"summary_large_image","twitter_misc":{"Timp estimat pentru citire":"7 minute"},"schema":{"@context":"https:\/\/schema.org","@graph":[{"@type":"WebPage","@id":"https:\/\/forgetwhite.com\/ro\/termeni-si-conditii\/contract-de-comision\/","url":"https:\/\/forgetwhite.com\/ro\/termeni-si-conditii\/contract-de-comision\/","name":"CONTRACT DE MANDAT F\u0102R\u0102 REPREZENTARE, CU TITLU ONEROS - Forget White","isPartOf":{"@id":"https:\/\/forgetwhite.com\/ro\/#website"},"datePublished":"2021-07-28T09:02:09+00:00","dateModified":"2023-02-20T13:44:25+00:00","breadcrumb":{"@id":"https:\/\/forgetwhite.com\/ro\/termeni-si-conditii\/contract-de-comision\/#breadcrumb"},"inLanguage":"ro-RO","potentialAction":[{"@type":"ReadAction","target":["https:\/\/forgetwhite.com\/ro\/termeni-si-conditii\/contract-de-comision\/"]}]},{"@type":"BreadcrumbList","@id":"https:\/\/forgetwhite.com\/ro\/termeni-si-conditii\/contract-de-comision\/#breadcrumb","itemListElement":[{"@type":"ListItem","position":1,"name":"Home","item":"https:\/\/forgetwhite.com\/ro\/"},{"@type":"ListItem","position":2,"name":"Termeni \u0219i condi\u021bii de utilizare","item":"https:\/\/forgetwhite.com\/ro\/terms-and-conditions\/"},{"@type":"ListItem","position":3,"name":"CONTRACT DE MANDAT F\u0102R\u0102 REPREZENTARE, CU TITLU ONEROS"}]},{"@type":"WebSite","@id":"https:\/\/forgetwhite.com\/ro\/#website","url":"https:\/\/forgetwhite.com\/ro\/","name":"Forget White","description":"Uit\u0103 de firele albe!","publisher":{"@id":"https:\/\/forgetwhite.com\/ro\/#organization"},"potentialAction":[{"@type":"SearchAction","target":{"@type":"EntryPoint","urlTemplate":"https:\/\/forgetwhite.com\/ro\/?s={search_term_string}"},"query-input":{"@type":"PropertyValueSpecification","valueRequired":true,"valueName":"search_term_string"}}],"inLanguage":"ro-RO"},{"@type":"Organization","@id":"https:\/\/forgetwhite.com\/ro\/#organization","name":"Forget White","url":"https:\/\/forgetwhite.com\/ro\/","logo":{"@type":"ImageObject","inLanguage":"ro-RO","@id":"https:\/\/forgetwhite.com\/ro\/#\/schema\/logo\/image\/","url":"https:\/\/forgetwhite.com\/wp-content\/uploads\/2021\/04\/logo.png","contentUrl":"https:\/\/forgetwhite.com\/wp-content\/uploads\/2021\/04\/logo.png","width":500,"height":259,"caption":"Forget White"},"image":{"@id":"https:\/\/forgetwhite.com\/ro\/#\/schema\/logo\/image\/"},"sameAs":["https:\/\/www.facebook.com\/ForgetWhiteHair","https:\/\/www.instagram.com\/forget_white.co"]}]}},"_links":{"self":[{"href":"https:\/\/forgetwhite.com\/ro\/wp-json\/wp\/v2\/pages\/5461","targetHints":{"allow":["GET"]}}],"collection":[{"href":"https:\/\/forgetwhite.com\/ro\/wp-json\/wp\/v2\/pages"}],"about":[{"href":"https:\/\/forgetwhite.com\/ro\/wp-json\/wp\/v2\/types\/page"}],"author":[{"embeddable":true,"href":"https:\/\/forgetwhite.com\/ro\/wp-json\/wp\/v2\/users\/3981736624085205"}],"replies":[{"embeddable":true,"href":"https:\/\/forgetwhite.com\/ro\/wp-json\/wp\/v2\/comments?post=5461"}],"version-history":[{"count":2,"href":"https:\/\/forgetwhite.com\/ro\/wp-json\/wp\/v2\/pages\/5461\/revisions"}],"predecessor-version":[{"id":12720,"href":"https:\/\/forgetwhite.com\/ro\/wp-json\/wp\/v2\/pages\/5461\/revisions\/12720"}],"up":[{"embeddable":true,"href":"https:\/\/forgetwhite.com\/ro\/wp-json\/wp\/v2\/pages\/2094"}],"wp:attachment":[{"href":"https:\/\/forgetwhite.com\/ro\/wp-json\/wp\/v2\/media?parent=5461"}],"curies":[{"name":"wp","href":"https:\/\/api.w.org\/{rel}","templated":true}]}}