{"id":3721,"date":"2021-07-08T11:07:16","date_gmt":"2021-07-08T08:07:16","guid":{"rendered":"https:\/\/forgetwhite.com\/?page_id=3721"},"modified":"2023-02-13T13:46:01","modified_gmt":"2023-02-13T11:46:01","slug":"modalitati-de-plata","status":"publish","type":"page","link":"https:\/\/forgetwhite.com\/ro\/modalitati-de-plata\/","title":{"rendered":"Modalit\u0103\u021bi de plat\u0103"},"content":{"rendered":"<p>Se poate efectua plata online cu cardul personal sau al firmei dumneavoastr\u0103, \u00een condi\u021bii de siguran\u021b\u0103 deplin\u0103. Cardurile acceptate la plat\u0103 sunt cele emise sub siglele VISA (Classic \u0219i Electron) \u0219i MASTERCARD (inclusiv Maestro, dac\u0103 au cod CVV2\/CVC2).<\/p>\n<p>Nu este perceput niciun comision suplimentar pentru tranzac\u021bii.<\/p>\n<p>Procesarea datelor de card se face \u00een mod exclusiv pe serverele PlatiOnline.<\/p>\n<p>Siguran\u021ba informa\u021biilor dvs. este garantat\u0103 de faptul c\u0103 PlatiOnline nu stocheaz\u0103 datele confiden\u021biale ale cardului dvs, ci le trimite criptat pe o conexiune securizat\u0103 c\u0103tre banca procesatoare. \u00cen acest fel informa\u021biile dvs. sunt \u00een sigurant\u0103.<\/p>\n<p>Indiferent de valuta pe care o ave\u021bi \u00een cont, tranzac\u021biile se fac \u00een lei, la cursul de schimb al b\u0103ncii dumneavoastr\u0103.<\/p>\n<p>Pentru plata cu cardul, tranzactia va aparea pe extrasul de cont cu numele <strong>FORGET WHITE \u0218I ASOCIA\u021aII S.A.<\/strong><\/p>\n","protected":false},"excerpt":{"rendered":"<p>Se poate efectua plata online cu cardul personal sau al firmei dumneavoastr\u0103, \u00een condi\u021bii de siguran\u021b\u0103 deplin\u0103. Cardurile acceptate la plat\u0103 sunt cele emise sub siglele VISA (Classic \u0219i Electron) \u0219i MASTERCARD (inclusiv Maestro, dac\u0103 au cod CVV2\/CVC2). Nu este perceput niciun comision suplimentar pentru tranzac\u021bii. Procesarea datelor de card se face \u00een mod exclusiv [&hellip;]<\/p>\n","protected":false},"author":3981736624085205,"featured_media":0,"parent":0,"menu_order":0,"comment_status":"closed","ping_status":"closed","template":"","meta":{"footnotes":""},"class_list":["post-3721","page","type-page","status-publish","hentry"],"yoast_head":"<!-- This site is optimized with the Yoast SEO plugin v27.3 - https:\/\/yoast.com\/product\/yoast-seo-wordpress\/ -->\n<title>Modalit\u0103\u021bi de plat\u0103 - Forget White<\/title>\n<meta name=\"robots\" content=\"index, follow, max-snippet:-1, max-image-preview:large, max-video-preview:-1\" \/>\n<link rel=\"canonical\" href=\"https:\/\/forgetwhite.com\/ro\/modalitati-de-plata\/\" \/>\n<meta property=\"og:locale\" content=\"ro_RO\" \/>\n<meta property=\"og:type\" content=\"article\" \/>\n<meta property=\"og:title\" content=\"Modalit\u0103\u021bi de plat\u0103 - Forget White\" \/>\n<meta property=\"og:description\" content=\"Se poate efectua plata online cu cardul personal sau al firmei dumneavoastr\u0103, \u00een condi\u021bii de siguran\u021b\u0103 deplin\u0103. Cardurile acceptate la plat\u0103 sunt cele emise sub siglele VISA (Classic \u0219i Electron) \u0219i MASTERCARD (inclusiv Maestro, dac\u0103 au cod CVV2\/CVC2). Nu este perceput niciun comision suplimentar pentru tranzac\u021bii. Procesarea datelor de card se face \u00een mod exclusiv [&hellip;]\" \/>\n<meta property=\"og:url\" content=\"https:\/\/forgetwhite.com\/ro\/modalitati-de-plata\/\" \/>\n<meta property=\"og:site_name\" content=\"Forget White\" \/>\n<meta property=\"article:publisher\" content=\"https:\/\/www.facebook.com\/ForgetWhiteHair\" \/>\n<meta property=\"article:modified_time\" content=\"2023-02-13T11:46:01+00:00\" \/>\n<meta property=\"og:image\" content=\"https:\/\/forgetwhite.com\/wp-content\/uploads\/2021\/04\/logo.png\" \/>\n\t<meta property=\"og:image:width\" content=\"500\" \/>\n\t<meta property=\"og:image:height\" content=\"259\" \/>\n\t<meta property=\"og:image:type\" content=\"image\/png\" \/>\n<meta name=\"twitter:card\" content=\"summary_large_image\" \/>\n<meta name=\"twitter:label1\" content=\"Timp estimat pentru citire\" \/>\n\t<meta name=\"twitter:data1\" content=\"Un minut\" \/>\n<script type=\"application\/ld+json\" class=\"yoast-schema-graph\">{\"@context\":\"https:\\\/\\\/schema.org\",\"@graph\":[{\"@type\":\"WebPage\",\"@id\":\"https:\\\/\\\/forgetwhite.com\\\/ro\\\/modalitati-de-plata\\\/\",\"url\":\"https:\\\/\\\/forgetwhite.com\\\/ro\\\/modalitati-de-plata\\\/\",\"name\":\"Modalit\u0103\u021bi de plat\u0103 - Forget White\",\"isPartOf\":{\"@id\":\"https:\\\/\\\/forgetwhite.com\\\/ro\\\/#website\"},\"datePublished\":\"2021-07-08T08:07:16+00:00\",\"dateModified\":\"2023-02-13T11:46:01+00:00\",\"breadcrumb\":{\"@id\":\"https:\\\/\\\/forgetwhite.com\\\/ro\\\/modalitati-de-plata\\\/#breadcrumb\"},\"inLanguage\":\"ro-RO\",\"potentialAction\":[{\"@type\":\"ReadAction\",\"target\":[\"https:\\\/\\\/forgetwhite.com\\\/ro\\\/modalitati-de-plata\\\/\"]}]},{\"@type\":\"BreadcrumbList\",\"@id\":\"https:\\\/\\\/forgetwhite.com\\\/ro\\\/modalitati-de-plata\\\/#breadcrumb\",\"itemListElement\":[{\"@type\":\"ListItem\",\"position\":1,\"name\":\"Home\",\"item\":\"https:\\\/\\\/forgetwhite.com\\\/ro\\\/\"},{\"@type\":\"ListItem\",\"position\":2,\"name\":\"Modalit\u0103\u021bi de plat\u0103\"}]},{\"@type\":\"WebSite\",\"@id\":\"https:\\\/\\\/forgetwhite.com\\\/ro\\\/#website\",\"url\":\"https:\\\/\\\/forgetwhite.com\\\/ro\\\/\",\"name\":\"Forget White\",\"description\":\"Uit\u0103 de firele albe!\",\"publisher\":{\"@id\":\"https:\\\/\\\/forgetwhite.com\\\/ro\\\/#organization\"},\"potentialAction\":[{\"@type\":\"SearchAction\",\"target\":{\"@type\":\"EntryPoint\",\"urlTemplate\":\"https:\\\/\\\/forgetwhite.com\\\/ro\\\/?s={search_term_string}\"},\"query-input\":{\"@type\":\"PropertyValueSpecification\",\"valueRequired\":true,\"valueName\":\"search_term_string\"}}],\"inLanguage\":\"ro-RO\"},{\"@type\":\"Organization\",\"@id\":\"https:\\\/\\\/forgetwhite.com\\\/ro\\\/#organization\",\"name\":\"Forget White\",\"url\":\"https:\\\/\\\/forgetwhite.com\\\/ro\\\/\",\"logo\":{\"@type\":\"ImageObject\",\"inLanguage\":\"ro-RO\",\"@id\":\"https:\\\/\\\/forgetwhite.com\\\/ro\\\/#\\\/schema\\\/logo\\\/image\\\/\",\"url\":\"https:\\\/\\\/forgetwhite.com\\\/wp-content\\\/uploads\\\/2021\\\/04\\\/logo.png\",\"contentUrl\":\"https:\\\/\\\/forgetwhite.com\\\/wp-content\\\/uploads\\\/2021\\\/04\\\/logo.png\",\"width\":500,\"height\":259,\"caption\":\"Forget White\"},\"image\":{\"@id\":\"https:\\\/\\\/forgetwhite.com\\\/ro\\\/#\\\/schema\\\/logo\\\/image\\\/\"},\"sameAs\":[\"https:\\\/\\\/www.facebook.com\\\/ForgetWhiteHair\",\"https:\\\/\\\/www.instagram.com\\\/forget_white.co\"]}]}<\/script>\n<!-- \/ Yoast SEO plugin. -->","yoast_head_json":{"title":"Modalit\u0103\u021bi de plat\u0103 - Forget White","robots":{"index":"index","follow":"follow","max-snippet":"max-snippet:-1","max-image-preview":"max-image-preview:large","max-video-preview":"max-video-preview:-1"},"canonical":"https:\/\/forgetwhite.com\/ro\/modalitati-de-plata\/","og_locale":"ro_RO","og_type":"article","og_title":"Modalit\u0103\u021bi de plat\u0103 - Forget White","og_description":"Se poate efectua plata online cu cardul personal sau al firmei dumneavoastr\u0103, \u00een condi\u021bii de siguran\u021b\u0103 deplin\u0103. Cardurile acceptate la plat\u0103 sunt cele emise sub siglele VISA (Classic \u0219i Electron) \u0219i MASTERCARD (inclusiv Maestro, dac\u0103 au cod CVV2\/CVC2). Nu este perceput niciun comision suplimentar pentru tranzac\u021bii. Procesarea datelor de card se face \u00een mod exclusiv [&hellip;]","og_url":"https:\/\/forgetwhite.com\/ro\/modalitati-de-plata\/","og_site_name":"Forget White","article_publisher":"https:\/\/www.facebook.com\/ForgetWhiteHair","article_modified_time":"2023-02-13T11:46:01+00:00","og_image":[{"width":500,"height":259,"url":"https:\/\/forgetwhite.com\/wp-content\/uploads\/2021\/04\/logo.png","type":"image\/png"}],"twitter_card":"summary_large_image","twitter_misc":{"Timp estimat pentru citire":"Un minut"},"schema":{"@context":"https:\/\/schema.org","@graph":[{"@type":"WebPage","@id":"https:\/\/forgetwhite.com\/ro\/modalitati-de-plata\/","url":"https:\/\/forgetwhite.com\/ro\/modalitati-de-plata\/","name":"Modalit\u0103\u021bi de plat\u0103 - Forget White","isPartOf":{"@id":"https:\/\/forgetwhite.com\/ro\/#website"},"datePublished":"2021-07-08T08:07:16+00:00","dateModified":"2023-02-13T11:46:01+00:00","breadcrumb":{"@id":"https:\/\/forgetwhite.com\/ro\/modalitati-de-plata\/#breadcrumb"},"inLanguage":"ro-RO","potentialAction":[{"@type":"ReadAction","target":["https:\/\/forgetwhite.com\/ro\/modalitati-de-plata\/"]}]},{"@type":"BreadcrumbList","@id":"https:\/\/forgetwhite.com\/ro\/modalitati-de-plata\/#breadcrumb","itemListElement":[{"@type":"ListItem","position":1,"name":"Home","item":"https:\/\/forgetwhite.com\/ro\/"},{"@type":"ListItem","position":2,"name":"Modalit\u0103\u021bi de plat\u0103"}]},{"@type":"WebSite","@id":"https:\/\/forgetwhite.com\/ro\/#website","url":"https:\/\/forgetwhite.com\/ro\/","name":"Forget White","description":"Uit\u0103 de firele albe!","publisher":{"@id":"https:\/\/forgetwhite.com\/ro\/#organization"},"potentialAction":[{"@type":"SearchAction","target":{"@type":"EntryPoint","urlTemplate":"https:\/\/forgetwhite.com\/ro\/?s={search_term_string}"},"query-input":{"@type":"PropertyValueSpecification","valueRequired":true,"valueName":"search_term_string"}}],"inLanguage":"ro-RO"},{"@type":"Organization","@id":"https:\/\/forgetwhite.com\/ro\/#organization","name":"Forget White","url":"https:\/\/forgetwhite.com\/ro\/","logo":{"@type":"ImageObject","inLanguage":"ro-RO","@id":"https:\/\/forgetwhite.com\/ro\/#\/schema\/logo\/image\/","url":"https:\/\/forgetwhite.com\/wp-content\/uploads\/2021\/04\/logo.png","contentUrl":"https:\/\/forgetwhite.com\/wp-content\/uploads\/2021\/04\/logo.png","width":500,"height":259,"caption":"Forget White"},"image":{"@id":"https:\/\/forgetwhite.com\/ro\/#\/schema\/logo\/image\/"},"sameAs":["https:\/\/www.facebook.com\/ForgetWhiteHair","https:\/\/www.instagram.com\/forget_white.co"]}]}},"_links":{"self":[{"href":"https:\/\/forgetwhite.com\/ro\/wp-json\/wp\/v2\/pages\/3721","targetHints":{"allow":["GET"]}}],"collection":[{"href":"https:\/\/forgetwhite.com\/ro\/wp-json\/wp\/v2\/pages"}],"about":[{"href":"https:\/\/forgetwhite.com\/ro\/wp-json\/wp\/v2\/types\/page"}],"author":[{"embeddable":true,"href":"https:\/\/forgetwhite.com\/ro\/wp-json\/wp\/v2\/users\/3981736624085205"}],"replies":[{"embeddable":true,"href":"https:\/\/forgetwhite.com\/ro\/wp-json\/wp\/v2\/comments?post=3721"}],"version-history":[{"count":2,"href":"https:\/\/forgetwhite.com\/ro\/wp-json\/wp\/v2\/pages\/3721\/revisions"}],"predecessor-version":[{"id":12602,"href":"https:\/\/forgetwhite.com\/ro\/wp-json\/wp\/v2\/pages\/3721\/revisions\/12602"}],"wp:attachment":[{"href":"https:\/\/forgetwhite.com\/ro\/wp-json\/wp\/v2\/media?parent=3721"}],"curies":[{"name":"wp","href":"https:\/\/api.w.org\/{rel}","templated":true}]}}