{"id":2211,"date":"2021-05-27T12:11:31","date_gmt":"2021-05-27T09:11:31","guid":{"rendered":"https:\/\/forgetwhite.com\/?page_id=2211"},"modified":"2025-06-03T09:09:32","modified_gmt":"2025-06-03T06:09:32","slug":"livrarea-produselor","status":"publish","type":"page","link":"https:\/\/forgetwhite.com\/ro\/livrarea-produselor\/","title":{"rendered":"Livrarea produselor"},"content":{"rendered":"<div class=\"wpb-content-wrapper\"><p>[vc_row][vc_column][vc_column_text][\/vc_column_text][\/vc_column][\/vc_row][vc_row][vc_column][vc_column_text css=&#8221;&#8221; css_params=&#8221;&#8221;]Produsele sunt livrate prin <strong>firma de curierat GLS<\/strong>.<\/p>\n<p><strong>IMPORTANT:<\/strong> Num\u0103rul de telefon furnizat pentru livrare trebuie s\u0103 fie <strong>emis \u00een Rom\u00e2nia<\/strong>. Dac\u0103 num\u0103rul este din alt\u0103 \u021bar\u0103, destinatarul <strong>nu va fi notificat telefonic<\/strong> despre sosirea coletului.<\/p>\n<ul>\n<li><strong>Livrarea este gratuit\u0103<\/strong> pe teritoriul Rom\u00e2niei.<\/li>\n<li><strong>\u00cen prezent, livr\u0103m exclusiv \u00een Rom\u00e2nia.<\/strong><\/li>\n<\/ul>\n<p><strong>Termen estimat de livrare:<\/strong><\/p>\n<ul>\n<li><strong>Rom\u00e2nia:<\/strong> 3\u20135 zile lucr\u0103toare<\/li>\n<\/ul>\n<p>[\/vc_column_text][\/vc_column][\/vc_row][vc_row][vc_column][vc_column_text][\/vc_column_text][\/vc_column][\/vc_row]<\/p>\n<\/div>","protected":false},"excerpt":{"rendered":"<p>[vc_row][vc_column][vc_column_text][\/vc_column_text][\/vc_column][\/vc_row][vc_row][vc_column][vc_column_text css=&#8221;&#8221; css_params=&#8221;&#8221;]Produsele sunt livrate prin firma de curierat GLS. IMPORTANT: Num\u0103rul de telefon furnizat pentru livrare trebuie s\u0103 fie emis \u00een Rom\u00e2nia. Dac\u0103 num\u0103rul este din alt\u0103 \u021bar\u0103, destinatarul nu va fi notificat telefonic despre sosirea coletului. Livrarea este gratuit\u0103 pe teritoriul Rom\u00e2niei. \u00cen prezent, livr\u0103m exclusiv \u00een Rom\u00e2nia. Termen estimat de livrare: Rom\u00e2nia: [&hellip;]<\/p>\n","protected":false},"author":3981736624085205,"featured_media":0,"parent":0,"menu_order":0,"comment_status":"closed","ping_status":"closed","template":"","meta":{"footnotes":""},"class_list":["post-2211","page","type-page","status-publish","hentry"],"yoast_head":"<!-- This site is optimized with the Yoast SEO plugin v27.3 - https:\/\/yoast.com\/product\/yoast-seo-wordpress\/ -->\n<title>Livrarea produselor - Forget White<\/title>\n<meta name=\"robots\" content=\"index, follow, max-snippet:-1, max-image-preview:large, max-video-preview:-1\" \/>\n<link rel=\"canonical\" href=\"https:\/\/forgetwhite.com\/ro\/livrarea-produselor\/\" \/>\n<meta property=\"og:locale\" content=\"ro_RO\" \/>\n<meta property=\"og:type\" content=\"article\" \/>\n<meta property=\"og:title\" content=\"Livrarea produselor - Forget White\" \/>\n<meta property=\"og:description\" content=\"[vc_row][vc_column][vc_column_text][\/vc_column_text][\/vc_column][\/vc_row][vc_row][vc_column][vc_column_text css=&#8221;&#8221; css_params=&#8221;&#8221;]Produsele sunt livrate prin firma de curierat GLS. IMPORTANT: Num\u0103rul de telefon furnizat pentru livrare trebuie s\u0103 fie emis \u00een Rom\u00e2nia. Dac\u0103 num\u0103rul este din alt\u0103 \u021bar\u0103, destinatarul nu va fi notificat telefonic despre sosirea coletului. Livrarea este gratuit\u0103 pe teritoriul Rom\u00e2niei. \u00cen prezent, livr\u0103m exclusiv \u00een Rom\u00e2nia. Termen estimat de livrare: Rom\u00e2nia: [&hellip;]\" \/>\n<meta property=\"og:url\" content=\"https:\/\/forgetwhite.com\/ro\/livrarea-produselor\/\" \/>\n<meta property=\"og:site_name\" content=\"Forget White\" \/>\n<meta property=\"article:publisher\" content=\"https:\/\/www.facebook.com\/ForgetWhiteHair\" \/>\n<meta property=\"article:modified_time\" content=\"2025-06-03T06:09:32+00:00\" \/>\n<meta property=\"og:image\" content=\"https:\/\/forgetwhite.com\/wp-content\/uploads\/2021\/04\/logo.png\" \/>\n\t<meta property=\"og:image:width\" content=\"500\" \/>\n\t<meta property=\"og:image:height\" content=\"259\" \/>\n\t<meta property=\"og:image:type\" content=\"image\/png\" \/>\n<meta name=\"twitter:card\" content=\"summary_large_image\" \/>\n<meta name=\"twitter:label1\" content=\"Timp estimat pentru citire\" \/>\n\t<meta name=\"twitter:data1\" content=\"Un minut\" \/>\n<script type=\"application\/ld+json\" class=\"yoast-schema-graph\">{\"@context\":\"https:\\\/\\\/schema.org\",\"@graph\":[{\"@type\":\"WebPage\",\"@id\":\"https:\\\/\\\/forgetwhite.com\\\/ro\\\/livrarea-produselor\\\/\",\"url\":\"https:\\\/\\\/forgetwhite.com\\\/ro\\\/livrarea-produselor\\\/\",\"name\":\"Livrarea produselor - Forget White\",\"isPartOf\":{\"@id\":\"https:\\\/\\\/forgetwhite.com\\\/ro\\\/#website\"},\"datePublished\":\"2021-05-27T09:11:31+00:00\",\"dateModified\":\"2025-06-03T06:09:32+00:00\",\"breadcrumb\":{\"@id\":\"https:\\\/\\\/forgetwhite.com\\\/ro\\\/livrarea-produselor\\\/#breadcrumb\"},\"inLanguage\":\"ro-RO\",\"potentialAction\":[{\"@type\":\"ReadAction\",\"target\":[\"https:\\\/\\\/forgetwhite.com\\\/ro\\\/livrarea-produselor\\\/\"]}]},{\"@type\":\"BreadcrumbList\",\"@id\":\"https:\\\/\\\/forgetwhite.com\\\/ro\\\/livrarea-produselor\\\/#breadcrumb\",\"itemListElement\":[{\"@type\":\"ListItem\",\"position\":1,\"name\":\"Home\",\"item\":\"https:\\\/\\\/forgetwhite.com\\\/ro\\\/\"},{\"@type\":\"ListItem\",\"position\":2,\"name\":\"Livrarea produselor\"}]},{\"@type\":\"WebSite\",\"@id\":\"https:\\\/\\\/forgetwhite.com\\\/ro\\\/#website\",\"url\":\"https:\\\/\\\/forgetwhite.com\\\/ro\\\/\",\"name\":\"Forget White\",\"description\":\"Uit\u0103 de firele albe!\",\"publisher\":{\"@id\":\"https:\\\/\\\/forgetwhite.com\\\/ro\\\/#organization\"},\"potentialAction\":[{\"@type\":\"SearchAction\",\"target\":{\"@type\":\"EntryPoint\",\"urlTemplate\":\"https:\\\/\\\/forgetwhite.com\\\/ro\\\/?s={search_term_string}\"},\"query-input\":{\"@type\":\"PropertyValueSpecification\",\"valueRequired\":true,\"valueName\":\"search_term_string\"}}],\"inLanguage\":\"ro-RO\"},{\"@type\":\"Organization\",\"@id\":\"https:\\\/\\\/forgetwhite.com\\\/ro\\\/#organization\",\"name\":\"Forget White\",\"url\":\"https:\\\/\\\/forgetwhite.com\\\/ro\\\/\",\"logo\":{\"@type\":\"ImageObject\",\"inLanguage\":\"ro-RO\",\"@id\":\"https:\\\/\\\/forgetwhite.com\\\/ro\\\/#\\\/schema\\\/logo\\\/image\\\/\",\"url\":\"https:\\\/\\\/forgetwhite.com\\\/wp-content\\\/uploads\\\/2021\\\/04\\\/logo.png\",\"contentUrl\":\"https:\\\/\\\/forgetwhite.com\\\/wp-content\\\/uploads\\\/2021\\\/04\\\/logo.png\",\"width\":500,\"height\":259,\"caption\":\"Forget White\"},\"image\":{\"@id\":\"https:\\\/\\\/forgetwhite.com\\\/ro\\\/#\\\/schema\\\/logo\\\/image\\\/\"},\"sameAs\":[\"https:\\\/\\\/www.facebook.com\\\/ForgetWhiteHair\",\"https:\\\/\\\/www.instagram.com\\\/forget_white.co\"]}]}<\/script>\n<!-- \/ Yoast SEO plugin. -->","yoast_head_json":{"title":"Livrarea produselor - Forget White","robots":{"index":"index","follow":"follow","max-snippet":"max-snippet:-1","max-image-preview":"max-image-preview:large","max-video-preview":"max-video-preview:-1"},"canonical":"https:\/\/forgetwhite.com\/ro\/livrarea-produselor\/","og_locale":"ro_RO","og_type":"article","og_title":"Livrarea produselor - Forget White","og_description":"[vc_row][vc_column][vc_column_text][\/vc_column_text][\/vc_column][\/vc_row][vc_row][vc_column][vc_column_text css=&#8221;&#8221; css_params=&#8221;&#8221;]Produsele sunt livrate prin firma de curierat GLS. IMPORTANT: Num\u0103rul de telefon furnizat pentru livrare trebuie s\u0103 fie emis \u00een Rom\u00e2nia. Dac\u0103 num\u0103rul este din alt\u0103 \u021bar\u0103, destinatarul nu va fi notificat telefonic despre sosirea coletului. Livrarea este gratuit\u0103 pe teritoriul Rom\u00e2niei. \u00cen prezent, livr\u0103m exclusiv \u00een Rom\u00e2nia. Termen estimat de livrare: Rom\u00e2nia: [&hellip;]","og_url":"https:\/\/forgetwhite.com\/ro\/livrarea-produselor\/","og_site_name":"Forget White","article_publisher":"https:\/\/www.facebook.com\/ForgetWhiteHair","article_modified_time":"2025-06-03T06:09:32+00:00","og_image":[{"width":500,"height":259,"url":"https:\/\/forgetwhite.com\/wp-content\/uploads\/2021\/04\/logo.png","type":"image\/png"}],"twitter_card":"summary_large_image","twitter_misc":{"Timp estimat pentru citire":"Un minut"},"schema":{"@context":"https:\/\/schema.org","@graph":[{"@type":"WebPage","@id":"https:\/\/forgetwhite.com\/ro\/livrarea-produselor\/","url":"https:\/\/forgetwhite.com\/ro\/livrarea-produselor\/","name":"Livrarea produselor - Forget White","isPartOf":{"@id":"https:\/\/forgetwhite.com\/ro\/#website"},"datePublished":"2021-05-27T09:11:31+00:00","dateModified":"2025-06-03T06:09:32+00:00","breadcrumb":{"@id":"https:\/\/forgetwhite.com\/ro\/livrarea-produselor\/#breadcrumb"},"inLanguage":"ro-RO","potentialAction":[{"@type":"ReadAction","target":["https:\/\/forgetwhite.com\/ro\/livrarea-produselor\/"]}]},{"@type":"BreadcrumbList","@id":"https:\/\/forgetwhite.com\/ro\/livrarea-produselor\/#breadcrumb","itemListElement":[{"@type":"ListItem","position":1,"name":"Home","item":"https:\/\/forgetwhite.com\/ro\/"},{"@type":"ListItem","position":2,"name":"Livrarea produselor"}]},{"@type":"WebSite","@id":"https:\/\/forgetwhite.com\/ro\/#website","url":"https:\/\/forgetwhite.com\/ro\/","name":"Forget White","description":"Uit\u0103 de firele albe!","publisher":{"@id":"https:\/\/forgetwhite.com\/ro\/#organization"},"potentialAction":[{"@type":"SearchAction","target":{"@type":"EntryPoint","urlTemplate":"https:\/\/forgetwhite.com\/ro\/?s={search_term_string}"},"query-input":{"@type":"PropertyValueSpecification","valueRequired":true,"valueName":"search_term_string"}}],"inLanguage":"ro-RO"},{"@type":"Organization","@id":"https:\/\/forgetwhite.com\/ro\/#organization","name":"Forget White","url":"https:\/\/forgetwhite.com\/ro\/","logo":{"@type":"ImageObject","inLanguage":"ro-RO","@id":"https:\/\/forgetwhite.com\/ro\/#\/schema\/logo\/image\/","url":"https:\/\/forgetwhite.com\/wp-content\/uploads\/2021\/04\/logo.png","contentUrl":"https:\/\/forgetwhite.com\/wp-content\/uploads\/2021\/04\/logo.png","width":500,"height":259,"caption":"Forget White"},"image":{"@id":"https:\/\/forgetwhite.com\/ro\/#\/schema\/logo\/image\/"},"sameAs":["https:\/\/www.facebook.com\/ForgetWhiteHair","https:\/\/www.instagram.com\/forget_white.co"]}]}},"_links":{"self":[{"href":"https:\/\/forgetwhite.com\/ro\/wp-json\/wp\/v2\/pages\/2211","targetHints":{"allow":["GET"]}}],"collection":[{"href":"https:\/\/forgetwhite.com\/ro\/wp-json\/wp\/v2\/pages"}],"about":[{"href":"https:\/\/forgetwhite.com\/ro\/wp-json\/wp\/v2\/types\/page"}],"author":[{"embeddable":true,"href":"https:\/\/forgetwhite.com\/ro\/wp-json\/wp\/v2\/users\/3981736624085205"}],"replies":[{"embeddable":true,"href":"https:\/\/forgetwhite.com\/ro\/wp-json\/wp\/v2\/comments?post=2211"}],"version-history":[{"count":15,"href":"https:\/\/forgetwhite.com\/ro\/wp-json\/wp\/v2\/pages\/2211\/revisions"}],"predecessor-version":[{"id":19400,"href":"https:\/\/forgetwhite.com\/ro\/wp-json\/wp\/v2\/pages\/2211\/revisions\/19400"}],"wp:attachment":[{"href":"https:\/\/forgetwhite.com\/ro\/wp-json\/wp\/v2\/media?parent=2211"}],"curies":[{"name":"wp","href":"https:\/\/api.w.org\/{rel}","templated":true}]}}