{"id":2163,"date":"2021-05-13T17:19:20","date_gmt":"2021-05-13T14:19:20","guid":{"rendered":"https:\/\/forgetwhite.com\/?page_id=2163"},"modified":"2022-05-09T14:03:51","modified_gmt":"2022-05-09T11:03:51","slug":"politica-de-retur","status":"publish","type":"page","link":"https:\/\/forgetwhite.com\/ro\/termeni-si-conditii\/politica-de-retur\/","title":{"rendered":"Politica de retur"},"content":{"rendered":"<div class=\"wpb-content-wrapper\"><p>[vc_row][vc_column][vc_column_text]<\/p>\n<p style=\"text-align: center;\"><strong>POLITICA DE RETURNARE <\/strong><\/p>\n<p>&nbsp;<\/p>\n<p>Clien\u021bii care nu sunt mul\u021bumi\u021bi de produs \u00eel pot returna cu respectarea termenilor \u0219i condi\u021biilor de mai jos:<\/p>\n<p>Clien\u021bii\u00a0<a href=\"https:\/\/forgetwhite.com\/\">forgetwhite.com<\/a>\u00a0pot returna produsele cump\u0103rate \u00een termen de maxim 14 zile de la primire In conformitate cu articolul 9 (1) \u0219i art. 11 din Ordonan\u021ba de Urgenta nr. 34\/2014 privind drepturile consumatorilor. Produsul comandat va fi returnat \u00een aceea\u0219i stare \u00een care v-a fost livrat, av\u00e2nd aceea\u0219i etichet\u0103 ata\u0219at\u0103, ambalajul original \u0219i \u00eempreun\u0103 cu documentele de livrare care l-au \u00eenso\u021bit. \u00cen maxim 3 zile lucr\u0103toare de la data return\u0103rii, \u00ee\u021bi vom \u00eenapoia contravaloarea comenzii.<\/p>\n<p>\u00cen conformitate cu articolul 16 din Ordonan\u021ba de Urgen\u021ba nr. 34\/2014 privind drepturile consumatorilor, dreptul de retragere nu poate fi exercitat pentru Comenzile care se refera la furnizarea de bunuri care au fost desigilate dup\u0103 livrare, care nu mai pot fi returnate din motive de igiena sau protec\u021bie a s\u0103n\u0103t\u0103\u021bii.<\/p>\n<p>Costurile de returnare sunt suportate de c\u0103tre client, acestea vor fi suportate de c\u0103tre furnizor doar \u00een cazul unei livr\u0103ri eronate de produse.<\/p>\n<p>Pentru comenzile pl\u0103tite cu cardul suma va fi returnata pe acela\u0219i card utilizat la tranzac\u021bionare, in decurs de 3-30 de zile de la acceptarea returului.<\/p>\n<p>&nbsp;<\/p>\n<p>&nbsp;<\/p>\n<p>[\/vc_column_text][\/vc_column][\/vc_row]<\/p>\n<\/div>","protected":false},"excerpt":{"rendered":"<p>[vc_row][vc_column][vc_column_text] POLITICA DE RETURNARE &nbsp; Clien\u021bii care nu sunt mul\u021bumi\u021bi de produs \u00eel pot returna cu respectarea termenilor \u0219i condi\u021biilor de mai jos: Clien\u021bii\u00a0forgetwhite.com\u00a0pot returna produsele cump\u0103rate \u00een termen de maxim 14 zile de la primire In conformitate cu articolul 9 (1) \u0219i art. 11 din Ordonan\u021ba de Urgenta nr. 34\/2014 privind drepturile consumatorilor. Produsul [&hellip;]<\/p>\n","protected":false},"author":3981736624085205,"featured_media":0,"parent":2094,"menu_order":0,"comment_status":"closed","ping_status":"closed","template":"","meta":{"footnotes":""},"class_list":["post-2163","page","type-page","status-publish","hentry"],"yoast_head":"<!-- This site is optimized with the Yoast SEO plugin v27.3 - https:\/\/yoast.com\/product\/yoast-seo-wordpress\/ -->\n<title>Politica de retur - Forget White<\/title>\n<meta name=\"robots\" content=\"index, follow, max-snippet:-1, max-image-preview:large, max-video-preview:-1\" \/>\n<link rel=\"canonical\" href=\"https:\/\/forgetwhite.com\/ro\/termeni-si-conditii\/politica-de-retur\/\" \/>\n<meta property=\"og:locale\" content=\"ro_RO\" \/>\n<meta property=\"og:type\" content=\"article\" \/>\n<meta property=\"og:title\" content=\"Politica de retur - Forget White\" \/>\n<meta property=\"og:description\" content=\"[vc_row][vc_column][vc_column_text] POLITICA DE RETURNARE &nbsp; Clien\u021bii care nu sunt mul\u021bumi\u021bi de produs \u00eel pot returna cu respectarea termenilor \u0219i condi\u021biilor de mai jos: Clien\u021bii\u00a0forgetwhite.com\u00a0pot returna produsele cump\u0103rate \u00een termen de maxim 14 zile de la primire In conformitate cu articolul 9 (1) \u0219i art. 11 din Ordonan\u021ba de Urgenta nr. 34\/2014 privind drepturile consumatorilor. Produsul [&hellip;]\" \/>\n<meta property=\"og:url\" content=\"https:\/\/forgetwhite.com\/ro\/termeni-si-conditii\/politica-de-retur\/\" \/>\n<meta property=\"og:site_name\" content=\"Forget White\" \/>\n<meta property=\"article:publisher\" content=\"https:\/\/www.facebook.com\/ForgetWhiteHair\" \/>\n<meta property=\"article:modified_time\" content=\"2022-05-09T11:03:51+00:00\" \/>\n<meta property=\"og:image\" content=\"https:\/\/forgetwhite.com\/wp-content\/uploads\/2021\/04\/logo.png\" \/>\n\t<meta property=\"og:image:width\" content=\"500\" \/>\n\t<meta property=\"og:image:height\" content=\"259\" \/>\n\t<meta property=\"og:image:type\" content=\"image\/png\" \/>\n<meta name=\"twitter:card\" content=\"summary_large_image\" \/>\n<meta name=\"twitter:label1\" content=\"Timp estimat pentru citire\" \/>\n\t<meta name=\"twitter:data1\" content=\"Un minut\" \/>\n<script type=\"application\/ld+json\" class=\"yoast-schema-graph\">{\"@context\":\"https:\\\/\\\/schema.org\",\"@graph\":[{\"@type\":\"WebPage\",\"@id\":\"https:\\\/\\\/forgetwhite.com\\\/ro\\\/termeni-si-conditii\\\/politica-de-retur\\\/\",\"url\":\"https:\\\/\\\/forgetwhite.com\\\/ro\\\/termeni-si-conditii\\\/politica-de-retur\\\/\",\"name\":\"Politica de retur - Forget White\",\"isPartOf\":{\"@id\":\"https:\\\/\\\/forgetwhite.com\\\/ro\\\/#website\"},\"datePublished\":\"2021-05-13T14:19:20+00:00\",\"dateModified\":\"2022-05-09T11:03:51+00:00\",\"breadcrumb\":{\"@id\":\"https:\\\/\\\/forgetwhite.com\\\/ro\\\/termeni-si-conditii\\\/politica-de-retur\\\/#breadcrumb\"},\"inLanguage\":\"ro-RO\",\"potentialAction\":[{\"@type\":\"ReadAction\",\"target\":[\"https:\\\/\\\/forgetwhite.com\\\/ro\\\/termeni-si-conditii\\\/politica-de-retur\\\/\"]}]},{\"@type\":\"BreadcrumbList\",\"@id\":\"https:\\\/\\\/forgetwhite.com\\\/ro\\\/termeni-si-conditii\\\/politica-de-retur\\\/#breadcrumb\",\"itemListElement\":[{\"@type\":\"ListItem\",\"position\":1,\"name\":\"Home\",\"item\":\"https:\\\/\\\/forgetwhite.com\\\/ro\\\/\"},{\"@type\":\"ListItem\",\"position\":2,\"name\":\"Termeni \u0219i condi\u021bii de utilizare\",\"item\":\"https:\\\/\\\/forgetwhite.com\\\/ro\\\/terms-and-conditions\\\/\"},{\"@type\":\"ListItem\",\"position\":3,\"name\":\"Politica de retur\"}]},{\"@type\":\"WebSite\",\"@id\":\"https:\\\/\\\/forgetwhite.com\\\/ro\\\/#website\",\"url\":\"https:\\\/\\\/forgetwhite.com\\\/ro\\\/\",\"name\":\"Forget White\",\"description\":\"Uit\u0103 de firele albe!\",\"publisher\":{\"@id\":\"https:\\\/\\\/forgetwhite.com\\\/ro\\\/#organization\"},\"potentialAction\":[{\"@type\":\"SearchAction\",\"target\":{\"@type\":\"EntryPoint\",\"urlTemplate\":\"https:\\\/\\\/forgetwhite.com\\\/ro\\\/?s={search_term_string}\"},\"query-input\":{\"@type\":\"PropertyValueSpecification\",\"valueRequired\":true,\"valueName\":\"search_term_string\"}}],\"inLanguage\":\"ro-RO\"},{\"@type\":\"Organization\",\"@id\":\"https:\\\/\\\/forgetwhite.com\\\/ro\\\/#organization\",\"name\":\"Forget White\",\"url\":\"https:\\\/\\\/forgetwhite.com\\\/ro\\\/\",\"logo\":{\"@type\":\"ImageObject\",\"inLanguage\":\"ro-RO\",\"@id\":\"https:\\\/\\\/forgetwhite.com\\\/ro\\\/#\\\/schema\\\/logo\\\/image\\\/\",\"url\":\"https:\\\/\\\/forgetwhite.com\\\/wp-content\\\/uploads\\\/2021\\\/04\\\/logo.png\",\"contentUrl\":\"https:\\\/\\\/forgetwhite.com\\\/wp-content\\\/uploads\\\/2021\\\/04\\\/logo.png\",\"width\":500,\"height\":259,\"caption\":\"Forget White\"},\"image\":{\"@id\":\"https:\\\/\\\/forgetwhite.com\\\/ro\\\/#\\\/schema\\\/logo\\\/image\\\/\"},\"sameAs\":[\"https:\\\/\\\/www.facebook.com\\\/ForgetWhiteHair\",\"https:\\\/\\\/www.instagram.com\\\/forget_white.co\"]}]}<\/script>\n<!-- \/ Yoast SEO plugin. -->","yoast_head_json":{"title":"Politica de retur - Forget White","robots":{"index":"index","follow":"follow","max-snippet":"max-snippet:-1","max-image-preview":"max-image-preview:large","max-video-preview":"max-video-preview:-1"},"canonical":"https:\/\/forgetwhite.com\/ro\/termeni-si-conditii\/politica-de-retur\/","og_locale":"ro_RO","og_type":"article","og_title":"Politica de retur - Forget White","og_description":"[vc_row][vc_column][vc_column_text] POLITICA DE RETURNARE &nbsp; Clien\u021bii care nu sunt mul\u021bumi\u021bi de produs \u00eel pot returna cu respectarea termenilor \u0219i condi\u021biilor de mai jos: Clien\u021bii\u00a0forgetwhite.com\u00a0pot returna produsele cump\u0103rate \u00een termen de maxim 14 zile de la primire In conformitate cu articolul 9 (1) \u0219i art. 11 din Ordonan\u021ba de Urgenta nr. 34\/2014 privind drepturile consumatorilor. Produsul [&hellip;]","og_url":"https:\/\/forgetwhite.com\/ro\/termeni-si-conditii\/politica-de-retur\/","og_site_name":"Forget White","article_publisher":"https:\/\/www.facebook.com\/ForgetWhiteHair","article_modified_time":"2022-05-09T11:03:51+00:00","og_image":[{"width":500,"height":259,"url":"https:\/\/forgetwhite.com\/wp-content\/uploads\/2021\/04\/logo.png","type":"image\/png"}],"twitter_card":"summary_large_image","twitter_misc":{"Timp estimat pentru citire":"Un minut"},"schema":{"@context":"https:\/\/schema.org","@graph":[{"@type":"WebPage","@id":"https:\/\/forgetwhite.com\/ro\/termeni-si-conditii\/politica-de-retur\/","url":"https:\/\/forgetwhite.com\/ro\/termeni-si-conditii\/politica-de-retur\/","name":"Politica de retur - Forget White","isPartOf":{"@id":"https:\/\/forgetwhite.com\/ro\/#website"},"datePublished":"2021-05-13T14:19:20+00:00","dateModified":"2022-05-09T11:03:51+00:00","breadcrumb":{"@id":"https:\/\/forgetwhite.com\/ro\/termeni-si-conditii\/politica-de-retur\/#breadcrumb"},"inLanguage":"ro-RO","potentialAction":[{"@type":"ReadAction","target":["https:\/\/forgetwhite.com\/ro\/termeni-si-conditii\/politica-de-retur\/"]}]},{"@type":"BreadcrumbList","@id":"https:\/\/forgetwhite.com\/ro\/termeni-si-conditii\/politica-de-retur\/#breadcrumb","itemListElement":[{"@type":"ListItem","position":1,"name":"Home","item":"https:\/\/forgetwhite.com\/ro\/"},{"@type":"ListItem","position":2,"name":"Termeni \u0219i condi\u021bii de utilizare","item":"https:\/\/forgetwhite.com\/ro\/terms-and-conditions\/"},{"@type":"ListItem","position":3,"name":"Politica de retur"}]},{"@type":"WebSite","@id":"https:\/\/forgetwhite.com\/ro\/#website","url":"https:\/\/forgetwhite.com\/ro\/","name":"Forget White","description":"Uit\u0103 de firele albe!","publisher":{"@id":"https:\/\/forgetwhite.com\/ro\/#organization"},"potentialAction":[{"@type":"SearchAction","target":{"@type":"EntryPoint","urlTemplate":"https:\/\/forgetwhite.com\/ro\/?s={search_term_string}"},"query-input":{"@type":"PropertyValueSpecification","valueRequired":true,"valueName":"search_term_string"}}],"inLanguage":"ro-RO"},{"@type":"Organization","@id":"https:\/\/forgetwhite.com\/ro\/#organization","name":"Forget White","url":"https:\/\/forgetwhite.com\/ro\/","logo":{"@type":"ImageObject","inLanguage":"ro-RO","@id":"https:\/\/forgetwhite.com\/ro\/#\/schema\/logo\/image\/","url":"https:\/\/forgetwhite.com\/wp-content\/uploads\/2021\/04\/logo.png","contentUrl":"https:\/\/forgetwhite.com\/wp-content\/uploads\/2021\/04\/logo.png","width":500,"height":259,"caption":"Forget White"},"image":{"@id":"https:\/\/forgetwhite.com\/ro\/#\/schema\/logo\/image\/"},"sameAs":["https:\/\/www.facebook.com\/ForgetWhiteHair","https:\/\/www.instagram.com\/forget_white.co"]}]}},"_links":{"self":[{"href":"https:\/\/forgetwhite.com\/ro\/wp-json\/wp\/v2\/pages\/2163","targetHints":{"allow":["GET"]}}],"collection":[{"href":"https:\/\/forgetwhite.com\/ro\/wp-json\/wp\/v2\/pages"}],"about":[{"href":"https:\/\/forgetwhite.com\/ro\/wp-json\/wp\/v2\/types\/page"}],"author":[{"embeddable":true,"href":"https:\/\/forgetwhite.com\/ro\/wp-json\/wp\/v2\/users\/3981736624085205"}],"replies":[{"embeddable":true,"href":"https:\/\/forgetwhite.com\/ro\/wp-json\/wp\/v2\/comments?post=2163"}],"version-history":[{"count":2,"href":"https:\/\/forgetwhite.com\/ro\/wp-json\/wp\/v2\/pages\/2163\/revisions"}],"predecessor-version":[{"id":4463,"href":"https:\/\/forgetwhite.com\/ro\/wp-json\/wp\/v2\/pages\/2163\/revisions\/4463"}],"up":[{"embeddable":true,"href":"https:\/\/forgetwhite.com\/ro\/wp-json\/wp\/v2\/pages\/2094"}],"wp:attachment":[{"href":"https:\/\/forgetwhite.com\/ro\/wp-json\/wp\/v2\/media?parent=2163"}],"curies":[{"name":"wp","href":"https:\/\/api.w.org\/{rel}","templated":true}]}}