{"id":1384,"date":"2018-06-22T09:41:12","date_gmt":"2018-06-22T09:41:12","guid":{"rendered":"http:\/\/sw-themes.com\/porto_dummy\/?page_id=1384"},"modified":"2023-06-09T18:07:20","modified_gmt":"2023-06-09T15:07:20","slug":"despre-noi","status":"publish","type":"page","link":"https:\/\/forgetwhite.com\/ro\/despre-noi\/","title":{"rendered":"Despre noi"},"content":{"rendered":"<div class=\"wpb-content-wrapper\"><p>[vc_row wrap_container=&#8221;yes&#8221; is_section=&#8221;yes&#8221; section_skin=&#8221;parallax&#8221; remove_margin_top=&#8221;yes&#8221; remove_border=&#8221;yes&#8221; css=&#8221;.vc_custom_1532061717202{padding-top: 70px !important;padding-bottom: 40px !important;}&#8221;][vc_column offset=&#8221;vc_col-md-6&#8243;][vc_single_image image=&#8221;2050&#8243; img_size=&#8221;full&#8221;][\/vc_column][vc_column css=&#8221;.vc_custom_1529913695250{padding-top: 40px !important;}&#8221; el_class=&#8221;pl-lg-5&#8243; offset=&#8221;vc_col-md-6&#8243;][vc_custom_heading text=&#8221;CINE SUNTEM ?&#8221; font_container=&#8221;tag:h2|font_size:1.375rem|text_align:left|line_height:1&#8243; use_theme_fonts=&#8221;yes&#8221; letter_spacing=&#8221;-.02em&#8221; el_class=&#8221;mb-4&#8243;][vc_column_text el_class=&#8221;content-row&#8221;]Unic distribuitor independent al produsului FORGET WHITE FITOKERATINE \u00een Europa, produs \u00een Statele Unite ale Americii de c\u0103tre Valentino de Salva LTD.<\/p>\n<p>FORGET WHITE FITOKERATINE este o formul\u0103 realizat\u0103 \u00een propor\u021bie de 100% din ingrediente de origine natural\u0103 care ajut\u0103 la revigorarea \u0219i s\u0103n\u0103tatea scalpului, \u00eembun\u0103t\u0103\u021be\u0219te calitatea pielii \u0219i a p\u0103rului, repigmenteaza firul de p\u0103r, contribuie la reducerea cantit\u0103\u021bii de m\u0103trea\u021b\u0103, a scuamelor de pe scalp, \u00eencetine\u0219te c\u0103derea p\u0103rului \u0219i \u00eent\u0103re\u0219te firul de p\u0103r.[\/vc_column_text][\/vc_column][\/vc_row][vc_row wrap_container=&#8221;yes&#8221; section_skin=&#8221;parallax&#8221; el_class=&#8221;container-top-border&#8221; css=&#8221;.vc_custom_1532074452858{padding-bottom: 55px !important;}&#8221;][vc_column][vc_custom_heading text=&#8221;CUM FUNC\u021aION\u0102M?&#8221; font_container=&#8221;tag:h2|font_size:1.375rem|text_align:left|line_height:1&#8243; use_theme_fonts=&#8221;yes&#8221; letter_spacing=&#8221;-.02em&#8221; el_class=&#8221;mb-4&#8243;][vc_column_text el_class=&#8221;content-row&#8221;]FORGET WHITE FITOKERATINE ajunge la clien\u021bii interesa\u021bi prin re\u021beaua de distribuitori independen\u021bi care beneficiaz\u0103 de traininguri permanente pentru a satisface clien\u021bii no\u0219tri, at\u00e2t prin calitatea \u0219i rezultatele acestui produs c\u00e2t \u0219i prin motivarea \u0219i consultan\u021ba acordat\u0103 fiec\u0103rui client.<\/p>\n<p>Dorim ca to\u021bi clien\u021bii no\u0219tri s\u0103 ob\u021bin\u0103 o schimbare \u00een bine care s\u0103 \u00eei determine s\u0103 intre \u00een marea echip\u0103 a distribuitorilor europeni ai produsului FORGET WHITE FITOKERATINE.[\/vc_column_text][\/vc_column][\/vc_row][vc_row wrap_container=&#8221;yes&#8221; section_skin=&#8221;parallax&#8221; el_class=&#8221;container-top-border&#8221; css=&#8221;.vc_custom_1621846889273{padding-bottom: 55px !important;background-color: #ebebeb !important;}&#8221;][vc_column width=&#8221;1\/3&#8243;][vc_custom_heading text=&#8221;CE NE DORIM ?&#8221; font_container=&#8221;tag:h2|font_size:1.375rem|text_align:left|line_height:1&#8243; use_theme_fonts=&#8221;yes&#8221; letter_spacing=&#8221;-.02em&#8221; el_class=&#8221;mb-4&#8243;][vc_column_text el_class=&#8221;content-row&#8221;]S\u0103 aducem o stare de bine \u00een vie\u021bile oamenilor, mai mult\u0103 \u00eencredere \u00een ei \u00een\u0219i\u0219i, s\u0103 \u00eei \u00eenv\u0103\u021b\u0103m s\u0103 \u00ee\u0219i construiasc\u0103 o afacere de familie foarte profitabil\u0103, din experien\u021ba folosirii \u0219i \u00een urma rezultatelor FORGET WHITE FITOKERATINE.[\/vc_column_text][vc_custom_heading text=&#8221;CUM SE \u00ceNT\u00c2MPL\u0102?&#8221; font_container=&#8221;tag:h2|font_size:1.375rem|text_align:left|line_height:1&#8243; use_theme_fonts=&#8221;yes&#8221; letter_spacing=&#8221;-.02em&#8221; el_class=&#8221;mb-4&#8243;][vc_column_text el_class=&#8221;content-row&#8221;]Avem distribuitori \u00een peste 10 \u021b\u0103ri europene incluz\u00e2nd Rom\u00e2nia \u0219i suntem \u00een continu\u0103 dezvoltare. Echipa de distribuitori independen\u021bi a avut parte de aproximativ 4 luni de instruire \u0219i motivare \u0219i \u201cantrenamentele\u201d continu\u0103!<\/p>\n<p>Fiecare client mul\u021bumit care va dori s\u0103 intre \u00een afacere va beneficia de tot know-how-ul necesar din partea distribuitorilor no\u0219tri.[\/vc_column_text][\/vc_column][vc_column width=&#8221;1\/3&#8243;][vc_custom_heading text=&#8221;DE CE S\u0102 NE ALEGI?&#8221; font_container=&#8221;tag:h2|font_size:1.375rem|text_align:left|line_height:1&#8243; use_theme_fonts=&#8221;yes&#8221; letter_spacing=&#8221;-.02em&#8221; el_class=&#8221;mb-4&#8243;][vc_column_text el_class=&#8221;content-row&#8221;]FORGET WHITE FITOKERATINE este un produs realizat \u00een propor\u021bie de 100% din ingrediente de origine natural\u0103, conceput \u00een Statele Unite ale Americii, \u0219i care respect\u0103 to\u021bi parametrii ceru\u021bi de organismele abilitate, inclusiv cele europene.<\/p>\n<p>Este un produs \u201caltfel\u201d, f\u0103cut din pasiune pentru \u0219tiin\u021ba curat\u0103 \u0219i din dragoste pentru oameni.<\/p>\n<p>To\u021bi distribuitorii independen\u021bi, clien\u021bii \u0219i viitorii distribuitori, sunt considera\u021bi ca parte a familiei FORGET WHITE.<\/p>\n<p>Beneficiile financiare sunt foarte importante \u0219i avem planuri \u0219i calcule foarte bine puse la punct. Uit\u0103 de toate grijile cotidiene \u0219i \u00eencepe s\u0103 visezi frumos \u0219i s\u0103n\u0103tos![\/vc_column_text][\/vc_column][vc_column width=&#8221;1\/3&#8243;][vc_custom_heading text=&#8221;CARITATE&#8221; font_container=&#8221;tag:h2|font_size:1.375rem|text_align:left|line_height:1&#8243; use_theme_fonts=&#8221;yes&#8221; letter_spacing=&#8221;-.02em&#8221; el_class=&#8221;mb-4&#8243;][vc_column_text el_class=&#8221;content-row&#8221;]Fiindc\u0103 rezultatele folosirii produsului FORGET WHITE FITOKERATINE nu \u021bin cont dec\u00e2t de seriozitatea \u0219i disciplina respect\u0103rii instruc\u021biunilor de folosire, nu exist\u0103 nicio barier\u0103 pentru a dezvolta o afacere de familie de mare succes: nici v\u00e2rsta, nici educa\u021bia, nici culoarea pielii, nici situa\u021bia financiar\u0103, etc !<\/p>\n<p>Oricine poate avea succes, oricine peste v\u00e2rsta de 18 ani, av\u00e2nd \u00een vedere singura barier\u0103 \u2013 cea legat\u0103 de a avea un cont bancar \u2013 v\u00e2rst\u0103 stabilit\u0103 de c\u0103tre b\u0103nci.<\/p>\n<p>\u0218tim sigur c\u0103 vei avea succes \u0219i o satisfac\u021bie uria\u0219\u0103 din punct de vedere financiar! Dar ne dorim s\u0103 nu ui\u021bi de unde ai plecat \u0219i s\u0103 participi, \u00een viitor, la campaniile noastre comune de Caritate! \u00ce\u021bi mul\u021bumim anticipat![\/vc_column_text][\/vc_column][\/vc_row][vc_row wrap_container=&#8221;yes&#8221; section_skin=&#8221;parallax&#8221; el_class=&#8221;container-top-border&#8221; css=&#8221;.vc_custom_1532074452858{padding-bottom: 55px !important;}&#8221;][vc_column][vc_custom_heading text=&#8221;Date de facturare&#8221; font_container=&#8221;tag:h2|font_size:1.375rem|text_align:left|line_height:1&#8243; use_theme_fonts=&#8221;yes&#8221; letter_spacing=&#8221;-.02em&#8221; el_class=&#8221;mb-4&#8243;][vc_column_text el_class=&#8221;content-row&#8221;]<strong>Nume firma:<\/strong> FORGET WHITE \u0218I ASOCIA\u021aII S.A. , <strong>Reg. com.<\/strong>: J23\/83\/2023 <strong>\u00a0 CIF:<\/strong>RO47411843\u00a0\u00a0 <strong>Adresa:<\/strong> Str. Tudor Vladimirescu, Nr. 74b, Otopeni, Jud. Ilfov, Romania\u00a0 <strong>IBAN:<\/strong> RO14BREL0002003882010100 \u00a0 <strong>Banca:<\/strong> LIBRA BANK \u00a0 <strong>Capital social:<\/strong> 90.000 Lei[\/vc_column_text][\/vc_column][\/vc_row]<\/p>\n<\/div>","protected":false},"excerpt":{"rendered":"<p>[vc_row wrap_container=&#8221;yes&#8221; is_section=&#8221;yes&#8221; section_skin=&#8221;parallax&#8221; remove_margin_top=&#8221;yes&#8221; remove_border=&#8221;yes&#8221; css=&#8221;.vc_custom_1532061717202{padding-top: 70px !important;padding-bottom: 40px !important;}&#8221;][vc_column offset=&#8221;vc_col-md-6&#8243;][vc_single_image image=&#8221;2050&#8243; img_size=&#8221;full&#8221;][\/vc_column][vc_column css=&#8221;.vc_custom_1529913695250{padding-top: 40px !important;}&#8221; el_class=&#8221;pl-lg-5&#8243; offset=&#8221;vc_col-md-6&#8243;][vc_custom_heading text=&#8221;CINE SUNTEM ?&#8221; font_container=&#8221;tag:h2|font_size:1.375rem|text_align:left|line_height:1&#8243; use_theme_fonts=&#8221;yes&#8221; letter_spacing=&#8221;-.02em&#8221; el_class=&#8221;mb-4&#8243;][vc_column_text el_class=&#8221;content-row&#8221;]Unic distribuitor independent al produsului FORGET WHITE FITOKERATINE \u00een Europa, produs \u00een Statele Unite ale Americii de c\u0103tre Valentino de Salva LTD. FORGET WHITE FITOKERATINE este o formul\u0103 realizat\u0103 [&hellip;]<\/p>\n","protected":false},"author":3981736624085205,"featured_media":0,"parent":0,"menu_order":0,"comment_status":"closed","ping_status":"closed","template":"","meta":{"footnotes":""},"class_list":["post-1384","page","type-page","status-publish","hentry"],"yoast_head":"<!-- This site is optimized with the Yoast SEO plugin v27.5 - https:\/\/yoast.com\/product\/yoast-seo-wordpress\/ -->\n<title>Despre noi - Forget White<\/title>\n<meta name=\"description\" content=\"Descoperi\u021bi cum ne-am al\u0103turat eforturilor de a construi o lume mai bun\u0103 prin produsele \u0219i solu\u021biile noastre inovatoare.\" \/>\n<meta name=\"robots\" content=\"index, follow, max-snippet:-1, max-image-preview:large, max-video-preview:-1\" \/>\n<link rel=\"canonical\" href=\"https:\/\/forgetwhite.com\/ro\/despre-noi\/\" \/>\n<meta property=\"og:locale\" content=\"ro_RO\" \/>\n<meta property=\"og:type\" content=\"article\" \/>\n<meta property=\"og:title\" content=\"Despre noi - Forget White\" \/>\n<meta property=\"og:description\" content=\"Descoperi\u021bi cum ne-am al\u0103turat eforturilor de a construi o lume mai bun\u0103 prin produsele \u0219i solu\u021biile noastre inovatoare.\" \/>\n<meta property=\"og:url\" content=\"https:\/\/forgetwhite.com\/ro\/despre-noi\/\" \/>\n<meta property=\"og:site_name\" content=\"Forget White\" \/>\n<meta property=\"article:publisher\" content=\"https:\/\/www.facebook.com\/ForgetWhiteHair\" \/>\n<meta property=\"article:modified_time\" content=\"2023-06-09T15:07:20+00:00\" \/>\n<meta property=\"og:image\" content=\"https:\/\/forgetwhite.com\/wp-content\/uploads\/2021\/04\/logo.png\" \/>\n\t<meta property=\"og:image:width\" content=\"500\" \/>\n\t<meta property=\"og:image:height\" content=\"259\" \/>\n\t<meta property=\"og:image:type\" content=\"image\/png\" \/>\n<meta name=\"twitter:card\" content=\"summary_large_image\" \/>\n<meta name=\"twitter:label1\" content=\"Timp estimat pentru citire\" \/>\n\t<meta name=\"twitter:data1\" content=\"5 minute\" \/>\n<script type=\"application\/ld+json\" class=\"yoast-schema-graph\">{\"@context\":\"https:\\\/\\\/schema.org\",\"@graph\":[{\"@type\":\"WebPage\",\"@id\":\"https:\\\/\\\/forgetwhite.com\\\/ro\\\/despre-noi\\\/\",\"url\":\"https:\\\/\\\/forgetwhite.com\\\/ro\\\/despre-noi\\\/\",\"name\":\"Despre noi - Forget White\",\"isPartOf\":{\"@id\":\"https:\\\/\\\/forgetwhite.com\\\/ro\\\/#website\"},\"datePublished\":\"2018-06-22T09:41:12+00:00\",\"dateModified\":\"2023-06-09T15:07:20+00:00\",\"description\":\"Descoperi\u021bi cum ne-am al\u0103turat eforturilor de a construi o lume mai bun\u0103 prin produsele \u0219i solu\u021biile noastre inovatoare.\",\"breadcrumb\":{\"@id\":\"https:\\\/\\\/forgetwhite.com\\\/ro\\\/despre-noi\\\/#breadcrumb\"},\"inLanguage\":\"ro-RO\",\"potentialAction\":[{\"@type\":\"ReadAction\",\"target\":[\"https:\\\/\\\/forgetwhite.com\\\/ro\\\/despre-noi\\\/\"]}]},{\"@type\":\"BreadcrumbList\",\"@id\":\"https:\\\/\\\/forgetwhite.com\\\/ro\\\/despre-noi\\\/#breadcrumb\",\"itemListElement\":[{\"@type\":\"ListItem\",\"position\":1,\"name\":\"Home\",\"item\":\"https:\\\/\\\/forgetwhite.com\\\/ro\\\/\"},{\"@type\":\"ListItem\",\"position\":2,\"name\":\"Despre noi\"}]},{\"@type\":\"WebSite\",\"@id\":\"https:\\\/\\\/forgetwhite.com\\\/ro\\\/#website\",\"url\":\"https:\\\/\\\/forgetwhite.com\\\/ro\\\/\",\"name\":\"Forget White\",\"description\":\"Uit\u0103 de firele albe!\",\"publisher\":{\"@id\":\"https:\\\/\\\/forgetwhite.com\\\/ro\\\/#organization\"},\"potentialAction\":[{\"@type\":\"SearchAction\",\"target\":{\"@type\":\"EntryPoint\",\"urlTemplate\":\"https:\\\/\\\/forgetwhite.com\\\/ro\\\/?s={search_term_string}\"},\"query-input\":{\"@type\":\"PropertyValueSpecification\",\"valueRequired\":true,\"valueName\":\"search_term_string\"}}],\"inLanguage\":\"ro-RO\"},{\"@type\":\"Organization\",\"@id\":\"https:\\\/\\\/forgetwhite.com\\\/ro\\\/#organization\",\"name\":\"Forget White\",\"url\":\"https:\\\/\\\/forgetwhite.com\\\/ro\\\/\",\"logo\":{\"@type\":\"ImageObject\",\"inLanguage\":\"ro-RO\",\"@id\":\"https:\\\/\\\/forgetwhite.com\\\/ro\\\/#\\\/schema\\\/logo\\\/image\\\/\",\"url\":\"https:\\\/\\\/forgetwhite.com\\\/wp-content\\\/uploads\\\/2021\\\/04\\\/logo.png\",\"contentUrl\":\"https:\\\/\\\/forgetwhite.com\\\/wp-content\\\/uploads\\\/2021\\\/04\\\/logo.png\",\"width\":500,\"height\":259,\"caption\":\"Forget White\"},\"image\":{\"@id\":\"https:\\\/\\\/forgetwhite.com\\\/ro\\\/#\\\/schema\\\/logo\\\/image\\\/\"},\"sameAs\":[\"https:\\\/\\\/www.facebook.com\\\/ForgetWhiteHair\",\"https:\\\/\\\/www.instagram.com\\\/forget_white.co\"]}]}<\/script>\n<!-- \/ Yoast SEO plugin. -->","yoast_head_json":{"title":"Despre noi - Forget White","description":"Descoperi\u021bi cum ne-am al\u0103turat eforturilor de a construi o lume mai bun\u0103 prin produsele \u0219i solu\u021biile noastre inovatoare.","robots":{"index":"index","follow":"follow","max-snippet":"max-snippet:-1","max-image-preview":"max-image-preview:large","max-video-preview":"max-video-preview:-1"},"canonical":"https:\/\/forgetwhite.com\/ro\/despre-noi\/","og_locale":"ro_RO","og_type":"article","og_title":"Despre noi - Forget White","og_description":"Descoperi\u021bi cum ne-am al\u0103turat eforturilor de a construi o lume mai bun\u0103 prin produsele \u0219i solu\u021biile noastre inovatoare.","og_url":"https:\/\/forgetwhite.com\/ro\/despre-noi\/","og_site_name":"Forget White","article_publisher":"https:\/\/www.facebook.com\/ForgetWhiteHair","article_modified_time":"2023-06-09T15:07:20+00:00","og_image":[{"width":500,"height":259,"url":"https:\/\/forgetwhite.com\/wp-content\/uploads\/2021\/04\/logo.png","type":"image\/png"}],"twitter_card":"summary_large_image","twitter_misc":{"Timp estimat pentru citire":"5 minute"},"schema":{"@context":"https:\/\/schema.org","@graph":[{"@type":"WebPage","@id":"https:\/\/forgetwhite.com\/ro\/despre-noi\/","url":"https:\/\/forgetwhite.com\/ro\/despre-noi\/","name":"Despre noi - Forget White","isPartOf":{"@id":"https:\/\/forgetwhite.com\/ro\/#website"},"datePublished":"2018-06-22T09:41:12+00:00","dateModified":"2023-06-09T15:07:20+00:00","description":"Descoperi\u021bi cum ne-am al\u0103turat eforturilor de a construi o lume mai bun\u0103 prin produsele \u0219i solu\u021biile noastre inovatoare.","breadcrumb":{"@id":"https:\/\/forgetwhite.com\/ro\/despre-noi\/#breadcrumb"},"inLanguage":"ro-RO","potentialAction":[{"@type":"ReadAction","target":["https:\/\/forgetwhite.com\/ro\/despre-noi\/"]}]},{"@type":"BreadcrumbList","@id":"https:\/\/forgetwhite.com\/ro\/despre-noi\/#breadcrumb","itemListElement":[{"@type":"ListItem","position":1,"name":"Home","item":"https:\/\/forgetwhite.com\/ro\/"},{"@type":"ListItem","position":2,"name":"Despre noi"}]},{"@type":"WebSite","@id":"https:\/\/forgetwhite.com\/ro\/#website","url":"https:\/\/forgetwhite.com\/ro\/","name":"Forget White","description":"Uit\u0103 de firele albe!","publisher":{"@id":"https:\/\/forgetwhite.com\/ro\/#organization"},"potentialAction":[{"@type":"SearchAction","target":{"@type":"EntryPoint","urlTemplate":"https:\/\/forgetwhite.com\/ro\/?s={search_term_string}"},"query-input":{"@type":"PropertyValueSpecification","valueRequired":true,"valueName":"search_term_string"}}],"inLanguage":"ro-RO"},{"@type":"Organization","@id":"https:\/\/forgetwhite.com\/ro\/#organization","name":"Forget White","url":"https:\/\/forgetwhite.com\/ro\/","logo":{"@type":"ImageObject","inLanguage":"ro-RO","@id":"https:\/\/forgetwhite.com\/ro\/#\/schema\/logo\/image\/","url":"https:\/\/forgetwhite.com\/wp-content\/uploads\/2021\/04\/logo.png","contentUrl":"https:\/\/forgetwhite.com\/wp-content\/uploads\/2021\/04\/logo.png","width":500,"height":259,"caption":"Forget White"},"image":{"@id":"https:\/\/forgetwhite.com\/ro\/#\/schema\/logo\/image\/"},"sameAs":["https:\/\/www.facebook.com\/ForgetWhiteHair","https:\/\/www.instagram.com\/forget_white.co"]}]}},"_links":{"self":[{"href":"https:\/\/forgetwhite.com\/ro\/wp-json\/wp\/v2\/pages\/1384","targetHints":{"allow":["GET"]}}],"collection":[{"href":"https:\/\/forgetwhite.com\/ro\/wp-json\/wp\/v2\/pages"}],"about":[{"href":"https:\/\/forgetwhite.com\/ro\/wp-json\/wp\/v2\/types\/page"}],"author":[{"embeddable":true,"href":"https:\/\/forgetwhite.com\/ro\/wp-json\/wp\/v2\/users\/3981736624085205"}],"replies":[{"embeddable":true,"href":"https:\/\/forgetwhite.com\/ro\/wp-json\/wp\/v2\/comments?post=1384"}],"version-history":[{"count":2,"href":"https:\/\/forgetwhite.com\/ro\/wp-json\/wp\/v2\/pages\/1384\/revisions"}],"predecessor-version":[{"id":14182,"href":"https:\/\/forgetwhite.com\/ro\/wp-json\/wp\/v2\/pages\/1384\/revisions\/14182"}],"wp:attachment":[{"href":"https:\/\/forgetwhite.com\/ro\/wp-json\/wp\/v2\/media?parent=1384"}],"curies":[{"name":"wp","href":"https:\/\/api.w.org\/{rel}","templated":true}]}}